{"id":98,"date":"2021-05-21T19:24:44","date_gmt":"2021-05-21T17:24:44","guid":{"rendered":"https:\/\/www.ot160.de\/home\/?page_id=98"},"modified":"2026-01-14T15:55:17","modified_gmt":"2026-01-14T14:55:17","slug":"vortraege","status":"publish","type":"page","link":"https:\/\/www.ot160.de\/home\/vortraege\/","title":{"rendered":"Vortr\u00e4ge"},"content":{"rendered":"<table style=\"border-collapse: collapse; width: 100%;\">\n<tbody>\n<tr>\n<td style=\"width: 33.3333%;\"><img loading=\"lazy\" decoding=\"async\" class=\"wp-image-192 aligncenter\" style=\"font-family: 'Droid Serif', serif; font-size: 20px;\" src=\"https:\/\/www.ot160.de\/wp-content\/uploads\/2022\/07\/image2.jpeg\" alt=\"\" width=\"294\" height=\"220\" srcset=\"https:\/\/www.ot160.de\/wp-content\/uploads\/2022\/07\/image2.jpeg 1024w, https:\/\/www.ot160.de\/wp-content\/uploads\/2022\/07\/image2-300x225.jpeg 300w, https:\/\/www.ot160.de\/wp-content\/uploads\/2022\/07\/image2-768x576.jpeg 768w\" sizes=\"auto, (max-width: 294px) 100vw, 294px\" \/><\/td>\n<td style=\"width: 33.3333%;\"><img loading=\"lazy\" decoding=\"async\" class=\"size-full wp-image-560 aligncenter\" src=\"https:\/\/www.ot160.de\/wp-content\/uploads\/2024\/02\/OT160_Vortrag_Madeira-Anflug.jpg\" alt=\"\" width=\"759\" height=\"422\" srcset=\"https:\/\/www.ot160.de\/wp-content\/uploads\/2024\/02\/OT160_Vortrag_Madeira-Anflug.jpg 759w, https:\/\/www.ot160.de\/wp-content\/uploads\/2024\/02\/OT160_Vortrag_Madeira-Anflug-300x167.jpg 300w\" sizes=\"auto, (max-width: 759px) 100vw, 759px\" \/><\/td>\n<td style=\"width: 33.3333%;\"><img loading=\"lazy\" decoding=\"async\" class=\"wp-image-1044 aligncenter\" src=\"https:\/\/www.ot160.de\/wp-content\/uploads\/2026\/01\/Wasser-Turbinen.jpg\" alt=\"\" width=\"327\" height=\"329\" srcset=\"https:\/\/www.ot160.de\/wp-content\/uploads\/2026\/01\/Wasser-Turbinen.jpg 561w, https:\/\/www.ot160.de\/wp-content\/uploads\/2026\/01\/Wasser-Turbinen-298x300.jpg 298w, https:\/\/www.ot160.de\/wp-content\/uploads\/2026\/01\/Wasser-Turbinen-150x150.jpg 150w\" sizes=\"auto, (max-width: 327px) 100vw, 327px\" \/><\/td>\n<\/tr>\n<tr>\n<td style=\"width: 33.3333%;\">\n<ul>\n<li style=\"text-align: center;\"><a href=\"https:\/\/www.ot160.de\/home\/besuch-der-alten-synagoge-petershagen\/\"><span style=\"text-decoration: underline;\"><strong><span style=\"color: #0000ff;\"><span style=\"font-family: arial, helvetica, sans-serif;\">Alte Synagoge in Petershagen<\/span><\/span><\/strong><\/span><\/a><\/li>\n<\/ul>\n<\/td>\n<td style=\"width: 33.3333%;\">\n<ul>\n<li style=\"text-align: center;\"><span style=\"text-decoration: underline;\"><span style=\"font-family: arial, helvetica, sans-serif; color: #0000ff; text-decoration: underline;\"><strong>Die gr\u00fcne Insel<\/strong> <a style=\"color: #0000ff; text-decoration: underline;\" href=\"https:\/\/www.ot160.de\/wp-content\/uploads\/2024\/02\/OT160_Vortrag_Madeira.pdf\"><strong>Madeira vorgestellt<\/strong><\/a><\/span><\/span><\/li>\n<\/ul>\n<\/td>\n<td style=\"width: 33.3333%; text-align: center;\">\n<ul>\n<li><a href=\"https:\/\/www.ot160.de\/wp-content\/uploads\/2026\/01\/Wasserturbinen-fuer-kleine-Gewaesser-2026-01-13.pdf\"><span style=\"text-decoration: underline;\"><span style=\"color: #0000ff;\"><strong><span style=\"font-family: arial, helvetica, sans-serif;\">Wasser-Turbinen f\u00fcr kleine B\u00e4che<\/span><\/strong><\/span><\/span><\/a><\/li>\n<\/ul>\n<\/td>\n<\/tr>\n<\/tbody>\n<\/table>\n<p style=\"text-align: center;\"><span style=\"font-size: 24pt;\"><strong><span style=\"font-family: arial, helvetica, sans-serif;\">Vortr\u00e4ge vor OT160<\/span><\/strong><\/span><\/p>\n<p><span style=\"font-family: arial, helvetica, sans-serif; font-size: 14pt;\">Hier findest Du Vortr\u00e4ge, die an unserem Tisch gehalten wurden:<\/span><\/p>\n<ul>\n<li><a href=\"https:\/\/www.ot160.de\/wp-content\/uploads\/2024\/02\/OT160_Vortrag_Sansibar-Helgoland.pdf\"><span style=\"text-decoration: underline;\"><span style=\"color: #0000ff;\"><strong><span style=\"font-family: arial, helvetica, sans-serif;\">Vortrag zur Geschichte von Sansibar und Helgoland\u00a0<\/span><\/strong>\u00a0<\/span><\/span><\/a><\/li>\n<li><a href=\"https:\/\/www.ot160.de\/wp-content\/uploads\/2024\/02\/OT160_Vortrag_Graf_Wilhelm.pdf\"><span style=\"text-decoration: underline;\"><strong><span style=\"font-family: arial, helvetica, sans-serif; color: #0000ff;\">Graf Wilhelm<\/span><\/strong><\/span><\/a><\/li>\n<li><span style=\"text-decoration: underline;\"><strong><span style=\"color: #0000ff;\"><a style=\"color: #0000ff;\" href=\"https:\/\/www.ot160.de\/wp-content\/uploads\/2022\/07\/OT160-2022-05-15-Schloss-Baum.pdf\"><span style=\"font-family: arial, helvetica, sans-serif;\">Besuch des Schlo\u00df Baum<\/span><\/a><\/span><\/strong><\/span><\/li>\n<li><span style=\"text-decoration: underline;\"><a href=\"https:\/\/www.ot160.de\/wp-content\/uploads\/2022\/07\/OT-160-2022_01_18_Vortrag-Templer-1.pdf\"><strong><span style=\"font-family: arial, helvetica, sans-serif; color: #0000ff; text-decoration: underline;\">Aufstieg und Fall der Templer<\/span><\/strong><\/a><\/span><\/li>\n<li style=\"text-align: left;\"><a href=\"https:\/\/www.ot160.de\/home\/besuch-der-alten-synagoge-petershagen\/\"><span style=\"text-decoration: underline;\"><strong><span style=\"color: #0000ff;\"><span style=\"font-family: arial, helvetica, sans-serif;\">Besuch der Alten Synagoge in Petershagen<\/span><\/span><\/strong><\/span><\/a><\/li>\n<li><span style=\"text-decoration: underline;\"><span style=\"font-family: arial, helvetica, sans-serif; color: #0000ff; text-decoration: underline;\"><strong>Die gr\u00fcne Insel<\/strong> <a style=\"color: #0000ff; text-decoration: underline;\" href=\"https:\/\/www.ot160.de\/wp-content\/uploads\/2024\/02\/OT160_Vortrag_Madeira.pdf\"><strong>Madeira vorgestellt<\/strong><\/a><\/span><\/span><\/li>\n<li><span style=\"text-decoration: underline;\"><strong><span style=\"font-size: 12pt; font-family: arial, helvetica, sans-serif; color: #0000ff;\"><a style=\"color: #0000ff; text-decoration: underline;\" href=\"https:\/\/www.ot160.de\/wp-content\/uploads\/2021\/05\/OT160-18.05.15-Vortrag.pdf\">Korruption<\/a><\/span><\/strong><\/span><\/li>\n<li><span style=\"text-decoration: underline;\"><strong><span style=\"font-size: 12pt; color: #0000ff; font-family: arial, helvetica, sans-serif;\"><a style=\"color: #0000ff; text-decoration: underline;\" href=\"https:\/\/www.ot160.de\/wp-content\/uploads\/2021\/05\/RFID-2019-04-14-Vortrag.pdf\">Stop den Datenklau &#8211; ist die RFID-Technik ein Fluch oder ein Segen?<\/a><\/span><\/strong><\/span><\/li>\n<li><a href=\"https:\/\/www.ot160.de\/wp-content\/uploads\/2024\/02\/OT160-Vortrag_Azoren-in_1000_Sekunden_2024-02-25_neu.pdf\"><span style=\"text-decoration: underline;\"><strong><span style=\"color: #0000ff; font-family: arial, helvetica, sans-serif; font-size: 12pt;\">In 1000 Sekunden die Azoren-Insel Sao Miguel vorgestellt<\/span><\/strong><\/span><\/a><\/li>\n<li><span style=\"text-decoration: underline;\"><span style=\"color: #0000ff;\"><a style=\"color: #0000ff;\" href=\"https:\/\/www.ot160.de\/wp-content\/uploads\/2024\/02\/OT160_Vortrag_Hospizkreis_Minden.pdf\"><span style=\"font-family: arial, helvetica, sans-serif; font-size: 12pt;\"><strong>Ambulanten Sterbebegleitung und der Arbeit des Hospizkreises Minden e.V.<\/strong><\/span><\/a><\/span><\/span><\/li>\n<li><span style=\"text-decoration: underline;\"><a href=\"https:\/\/www.ot160.de\/wp-content\/uploads\/2024\/02\/OT160_Vortrag_Reise_Armenien.pdf\"><span style=\"color: #0000ff;\"><strong><span style=\"font-family: arial, helvetica, sans-serif;\">Die Reise nach Armenien<\/span><\/strong><\/span><\/a><\/span><\/li>\n<li><span style=\"text-decoration: underline;\"><a href=\"https:\/\/www.ot160.de\/wp-content\/uploads\/2024\/02\/OT160_Vortrag_Sinti_und_Roma.pdf\"><span style=\"font-family: arial, helvetica, sans-serif; font-size: 12pt; color: #0000ff;\"><strong>Besuch und Vortrag im Verein Deutscher Sinti e.V. Minden<\/strong><\/span><\/a><\/span><\/li>\n<li><span style=\"text-decoration: underline;\"><a href=\"https:\/\/www.ot160.de\/wp-content\/uploads\/2024\/02\/OT160_Vortrag_Zugvogel-Mord.pdf\"><span style=\"color: #0000ff;\"><strong><span style=\"font-family: arial, helvetica, sans-serif;\">Vogelmord an Zugv\u00f6geln<\/span><\/strong><\/span><\/a><\/span><\/li>\n<li><span style=\"text-decoration: underline;\"><a href=\"https:\/\/www.ot160.de\/wp-content\/uploads\/2024\/02\/OT160_Vortrag_Radio_Jeriwan.pdf\"><span style=\"color: #0000ff;\"><strong><span style=\"font-family: arial, helvetica, sans-serif;\">Neues von Radio Jerewan<\/span><\/strong><\/span><\/a>\u00a0<\/span><\/li>\n<li><span style=\"text-decoration: underline; color: #0000ff;\"><a style=\"color: #0000ff;\" href=\"https:\/\/www.ot160.de\/wp-content\/uploads\/2025\/11\/R4_2019-01-12_Datenschutz.wmv\"><strong><span style=\"font-family: arial, helvetica, sans-serif;\">Gib dem Datenklau keine Chance1<\/span><\/strong><\/a><\/span><\/li>\n<li><span style=\"text-decoration: underline;\"><span style=\"color: #0000ff;\"><a style=\"color: #0000ff;\" href=\"https:\/\/www.ot160.de\/wp-content\/uploads\/2025\/11\/R4-SWF-Film-Datenklau.mp4\"><strong><span style=\"font-family: arial, helvetica, sans-serif;\">Gib dem Datenklau keine Chance2<\/span><\/strong><\/a><\/span><\/span><\/li>\n<li><span style=\"color: #0000ff;\"><a style=\"color: #0000ff;\" href=\"https:\/\/www.ot160.de\/wp-content\/uploads\/2025\/11\/R3_2019-01-02_Vort.wmv\"><span style=\"text-decoration: underline;\"><span style=\"font-family: arial, helvetica, sans-serif;\"><strong>RFID-Anwendungen in der Praxis<\/strong><\/span><\/span><\/a><\/span><\/li>\n<li><a href=\"https:\/\/www.ot160.de\/wp-content\/uploads\/2026\/01\/Wasserturbinen-fuer-kleine-Gewaesser-2026-01-13.pdf\"><span style=\"text-decoration: underline;\"><span style=\"color: #0000ff;\"><strong><span style=\"font-family: arial, helvetica, sans-serif;\">Wasser-Turbinen f\u00fcr kleine B\u00e4che<\/span><\/strong><\/span><\/span><\/a><\/li>\n<li><span style=\"text-decoration: underline;\"><span style=\"font-family: arial, helvetica, sans-serif; color: #0000ff;\"><a style=\"color: #0000ff;\" href=\"https:\/\/www.ot160.de\/home\/pingpongparkinson\/\"><strong>Infos zu PingPongParkinson<\/strong><\/a><\/span><\/span><\/li>\n<\/ul>\n<p>&nbsp;<\/p>\n<p>&nbsp;<\/p>\n<p>&nbsp;<\/p>\n<p>&nbsp;<\/p>\n<p>&nbsp;<\/p>\n<p>&nbsp;<\/p>\n<p>&nbsp;<\/p>\n<p>&nbsp;<\/p>\n<p>&nbsp;<\/p>\n<p>&nbsp;<\/p>\n<p>&nbsp;<\/p>\n<p>&nbsp;<\/p>\n<p>&nbsp;<\/p>\n<p>&nbsp;<\/p>\n<p>&nbsp;<\/p>\n<p>&nbsp;<\/p>\n<p>&nbsp;<\/p>\n<p>&nbsp;<\/p>\n<p>&nbsp;<\/p>\n<p>&nbsp;<\/p>\n<p>&nbsp;<\/p>\n<p>&nbsp;<\/p>\n<p>&nbsp;<\/p>\n","protected":false},"excerpt":{"rendered":"<p>Alte Synagoge in Petershagen Die gr\u00fcne Insel Madeira vorgestellt Wasser-Turbinen f\u00fcr kleine B\u00e4che Vortr\u00e4ge vor OT160 Hier findest Du Vortr\u00e4ge,&hellip;<\/p>\n","protected":false},"author":2,"featured_media":0,"parent":0,"menu_order":0,"comment_status":"closed","ping_status":"closed","template":"","meta":{"footnotes":""},"class_list":["post-98","page","type-page","status-publish","hentry"],"_links":{"self":[{"href":"https:\/\/www.ot160.de\/home\/wp-json\/wp\/v2\/pages\/98","targetHints":{"allow":["GET"]}}],"collection":[{"href":"https:\/\/www.ot160.de\/home\/wp-json\/wp\/v2\/pages"}],"about":[{"href":"https:\/\/www.ot160.de\/home\/wp-json\/wp\/v2\/types\/page"}],"author":[{"embeddable":true,"href":"https:\/\/www.ot160.de\/home\/wp-json\/wp\/v2\/users\/2"}],"replies":[{"embeddable":true,"href":"https:\/\/www.ot160.de\/home\/wp-json\/wp\/v2\/comments?post=98"}],"version-history":[{"count":67,"href":"https:\/\/www.ot160.de\/home\/wp-json\/wp\/v2\/pages\/98\/revisions"}],"predecessor-version":[{"id":1049,"href":"https:\/\/www.ot160.de\/home\/wp-json\/wp\/v2\/pages\/98\/revisions\/1049"}],"wp:attachment":[{"href":"https:\/\/www.ot160.de\/home\/wp-json\/wp\/v2\/media?parent=98"}],"curies":[{"name":"wp","href":"https:\/\/api.w.org\/{rel}","templated":true}]}}