{"id":21,"date":"2020-11-08T10:25:26","date_gmt":"2020-11-08T09:25:26","guid":{"rendered":"https:\/\/ot160.de\/home\/?page_id=21"},"modified":"2026-04-20T10:38:54","modified_gmt":"2026-04-20T08:38:54","slug":"impressum","status":"publish","type":"page","link":"https:\/\/www.ot160.de\/home\/impressum\/","title":{"rendered":"Impressum"},"content":{"rendered":"<p align=\"left\"><span style=\"color: #707070; font-family: Arial;\"><b>Impressum<\/b><\/span><\/p>\n<p align=\"left\"><span style=\"color: #707070; font-family: Arial;\"><b>Old Tablers 160 Minden<\/b><\/span><\/p>\n<table style=\"width: 76.9546%; height: 260px;\" border=\"0\" width=\"706\" cellspacing=\"0\" cellpadding=\"2\">\n<tbody>\n<tr style=\"height: 16px;\">\n<td style=\"height: 16px; width: 43.0615%; text-align: right;\" width=\"298\"><span style=\"color: #707070; font-family: Arial; font-size: small;\"><b>Betreiber nach \u00a7 5 TMG<\/b><\/span><\/td>\n<td style=\"height: 16px; width: 122.572%;\" width=\"396\"><span style=\"color: #707070; font-family: Arial;\"><b>Old Tablers 160 Minden<\/b><\/span><\/td>\n<\/tr>\n<tr style=\"height: 16px;\">\n<td style=\"height: 16px; width: 43.0615%;\" width=\"298\"><\/td>\n<td style=\"height: 16px; width: 122.572%;\" width=\"396\"><span style=\"color: #707070; font-family: Arial; font-size: 12pt;\"><b>\u00a0private Seite des Clubs<\/b><\/span><\/td>\n<\/tr>\n<tr style=\"height: 16px;\">\n<td style=\"height: 16px; width: 43.0615%; text-align: right;\" width=\"298\"><span style=\"color: #707070; font-family: Arial; font-size: small;\"><b>Verantwortlicher i.S.v. \u00a7 55 RStV<\/b><\/span><\/td>\n<td style=\"height: 16px; width: 122.572%;\" width=\"396\"><span style=\"color: #707070; font-family: Arial; font-size: small;\"><b>Christian Busch<\/b><\/span><\/td>\n<\/tr>\n<tr style=\"height: 16px;\">\n<td style=\"height: 16px; width: 43.0615%; text-align: right;\" width=\"298\"><span style=\"color: #707070; font-family: Arial; font-size: small;\"><b>Anschrift<\/b><\/span><\/td>\n<td style=\"height: 16px; width: 122.572%;\" width=\"396\"><span style=\"color: #707070; font-family: Arial; font-size: small;\"><b>Sender Str. 4<\/b><\/span><\/td>\n<\/tr>\n<tr style=\"height: 16px;\">\n<td style=\"height: 16px; width: 43.0615%;\" width=\"298\"><\/td>\n<td style=\"height: 16px; width: 122.572%;\" width=\"396\"><span style=\"color: #707070; font-family: Arial; font-size: small;\"><b>33689 Bielefeld<\/b><\/span><\/td>\n<\/tr>\n<tr style=\"height: 16px;\">\n<td style=\"height: 16px; width: 43.0615%; text-align: right;\" width=\"298\"><\/td>\n<td style=\"height: 16px; width: 122.572%;\" width=\"396\"><\/td>\n<\/tr>\n<tr style=\"height: 16px;\">\n<td style=\"height: 16px; width: 43.0615%; text-align: right;\" width=\"298\"><b><span style=\"color: #707070; font-family: Arial; font-size: small;\">privat<\/span><\/b><\/td>\n<td style=\"height: 16px; width: 122.572%;\" width=\"396\"><span style=\"color: #707070; font-family: Arial; font-size: small;\"><b>+49 5205 &#8211; 950573<\/b><\/span><\/td>\n<\/tr>\n<tr style=\"height: 16px;\">\n<td style=\"height: 10px; width: 43.0615%; text-align: right;\" width=\"298\"><span style=\"color: #707070; font-family: Arial; font-size: small;\"><b>Fax<\/b><\/span><\/td>\n<td style=\"height: 10px; width: 122.572%;\" width=\"396\"><span style=\"color: #707070; font-family: Arial; font-size: small;\"><b>+49 5205 &#8211; 950575<\/b><\/span><\/td>\n<\/tr>\n<tr style=\"height: 16px;\">\n<td style=\"text-align: right; height: 16px; width: 43.0615%;\" width=\"298\">\u00a0<span style=\"color: #707070; font-family: Arial; font-size: small;\"><b>E-Mail:<\/b><\/span><\/td>\n<td style=\"height: 16px; width: 122.572%;\" width=\"396\"><span style=\"color: #707070; font-family: Arial; font-size: small;\"><b>impressum@ot160.de\u00a0<\/b><\/span><\/td>\n<\/tr>\n<tr style=\"height: 16px;\">\n<td style=\"height: 16px; width: 43.0615%;\" width=\"298\">\n<p align=\"right\"><span style=\"color: #707070; font-family: Arial; font-size: small;\"><b>Geltungsbereich:<\/b><\/span><\/p>\n<\/td>\n<td style=\"height: 16px; width: 122.572%;\" width=\"396\"><span style=\"color: #707070; font-family: Arial; font-size: small;\"><b>Das Impressum gilt nur f\u00fcr die Internetpr\u00e4senz der nachfolgenden Domains und den dazu geh\u00f6rigen Subdomains<\/b><\/span><\/td>\n<\/tr>\n<tr style=\"height: 16px;\">\n<td style=\"text-align: right; height: 16px; width: 43.0615%;\" width=\"298\">\u00a0<span style=\"color: #707070; font-family: Arial; font-size: small;\"><b>Internet:<\/b><\/span><\/td>\n<td style=\"height: 16px; width: 122.572%;\" width=\"396\"><span style=\"color: #707070; font-family: Arial; font-size: small;\"><b>www.ot160.de<\/b><\/span><\/td>\n<\/tr>\n<tr style=\"height: 16px;\">\n<td style=\"height: 16px; width: 43.0615%;\" width=\"298\"><span class=\"header4-black\"><span style=\"color: #707070; font-family: Arial; font-size: small;\"><b>Fotos:\u00a0<\/b><\/span><\/span><\/td>\n<td style=\"height: 16px; width: 122.572%;\" width=\"396\"><span class=\"header4-black\"><span style=\"color: #707070; font-family: Arial; font-size: small;\"><b>eigene Fotos \/\u00a0\u00a0<\/b><\/span><\/span><\/td>\n<\/tr>\n<tr style=\"height: 16px;\">\n<td style=\"height: 10px; width: 43.0615%;\" width=\"298\"><span class=\"header4-black\"><span style=\"color: #707070; font-family: Arial; font-size: small;\"><b>Geltungsbereich:<\/b><\/span><\/span><\/p>\n<p>&nbsp;<\/td>\n<td style=\"height: 10px; width: 122.572%;\" width=\"396\"><span style=\"color: #707070; font-family: Arial; font-size: small;\"><b>Das Impressum gilt nur f\u00fcr die Internetpr\u00e4senz der Domain www.ot160.de und den dazu geh\u00f6rigen Subdomains<\/b><\/span><\/td>\n<\/tr>\n<tr style=\"height: 16px;\">\n<td style=\"height: 16px; width: 43.0615%;\" width=\"298\">\n<p align=\"right\"><b><span style=\"color: #707070; font-family: Arial; font-size: small;\">Abgrenzung:<\/span><\/b><\/p>\n<p align=\"right\">\n<\/td>\n<td style=\"height: 16px; width: 122.572%;\" width=\"396\"><span style=\"color: #707070; font-family: Arial; font-size: small;\"><b>Alle externen Links sind nur als Empfehlung zu verstehen. F\u00fcr den Inhalt der verlinkten Seiten sind ausschlie\u00dflich deren Betreiber verantwortlich.<\/b><\/span><\/td>\n<\/tr>\n<tr style=\"height: 16px;\">\n<td style=\"height: 16px; width: 43.0615%; text-align: right;\" width=\"298\"><span style=\"color: #707070; font-family: Arial; font-size: small;\"><b>Webmaster<\/b><\/span><\/td>\n<td style=\"height: 16px; width: 122.572%;\" width=\"396\"><span style=\"color: #707070; font-family: Arial; font-size: small;\"><b>Christian Busch<\/b><\/span><\/td>\n<\/tr>\n<tr style=\"height: 16px;\">\n<td style=\"height: 16px; width: 43.0615%; text-align: right;\" width=\"298\"><span style=\"color: #707070; font-family: Arial; font-size: small;\"><b>Author und Publisher<\/b><\/span><\/td>\n<td style=\"height: 16px; width: 122.572%;\" width=\"396\"><span style=\"color: #707070; font-family: Arial; font-size: small;\"><b>Christian Busch<\/b><\/span><\/td>\n<\/tr>\n<tr style=\"height: 16px;\">\n<td style=\"height: 16px; width: 43.0615%; text-align: right;\" width=\"298\"><b><span style=\"color: #707070; font-family: Arial; font-size: small;\">Copyright<\/span><\/b><\/td>\n<td style=\"height: 16px; width: 122.572%;\" width=\"396\"><span style=\"color: #707070; font-family: Arial; font-size: small;\"><b>Christian Busch<\/b><\/span><\/td>\n<\/tr>\n<\/tbody>\n<\/table>\n<p align=\"left\"><span style=\"font-family: arial, helvetica, sans-serif;\">Der Inhalt der vorliegenden Seiten ist mit gr\u00f6\u00dfter Sorgfalt erstellt worden, dennoch sind Irrt\u00fcmer nicht immer auszuschlie\u00dfen.\u00a0Ich \u00fcbernehme keinerlei Verantwortung oder Haftung f\u00fcr eventuell unrichtige Informationen.<\/span><\/p>\n<p style=\"text-align: left;\" align=\"left\"><span class=\"font2\" style=\"font-family: arial, helvetica, sans-serif;\">Christian Busch<\/span><\/p>\n<p>&nbsp;<\/p>\n","protected":false},"excerpt":{"rendered":"<p>Impressum Old Tablers 160 Minden Betreiber nach \u00a7 5 TMG Old Tablers 160 Minden \u00a0private Seite des Clubs Verantwortlicher i.S.v.&hellip;<\/p>\n","protected":false},"author":2,"featured_media":0,"parent":0,"menu_order":0,"comment_status":"closed","ping_status":"closed","template":"","meta":{"footnotes":""},"class_list":["post-21","page","type-page","status-publish","hentry"],"_links":{"self":[{"href":"https:\/\/www.ot160.de\/home\/wp-json\/wp\/v2\/pages\/21","targetHints":{"allow":["GET"]}}],"collection":[{"href":"https:\/\/www.ot160.de\/home\/wp-json\/wp\/v2\/pages"}],"about":[{"href":"https:\/\/www.ot160.de\/home\/wp-json\/wp\/v2\/types\/page"}],"author":[{"embeddable":true,"href":"https:\/\/www.ot160.de\/home\/wp-json\/wp\/v2\/users\/2"}],"replies":[{"embeddable":true,"href":"https:\/\/www.ot160.de\/home\/wp-json\/wp\/v2\/comments?post=21"}],"version-history":[{"count":4,"href":"https:\/\/www.ot160.de\/home\/wp-json\/wp\/v2\/pages\/21\/revisions"}],"predecessor-version":[{"id":1233,"href":"https:\/\/www.ot160.de\/home\/wp-json\/wp\/v2\/pages\/21\/revisions\/1233"}],"wp:attachment":[{"href":"https:\/\/www.ot160.de\/home\/wp-json\/wp\/v2\/media?parent=21"}],"curies":[{"name":"wp","href":"https:\/\/api.w.org\/{rel}","templated":true}]}}