{"id":2,"date":"2026-05-02T11:40:22","date_gmt":"2026-05-02T09:40:22","guid":{"rendered":"http:\/\/ot160.de\/?page_id=2"},"modified":"2026-05-02T13:05:36","modified_gmt":"2026-05-02T11:05:36","slug":"beispiel-seite","status":"publish","type":"page","link":"https:\/\/www.ot160.de\/home\/","title":{"rendered":"Home"},"content":{"rendered":"<p style=\"text-align: center;\"><span style=\"color: #0000ff;\"><strong><span style=\"font-size: 18pt; font-family: arial, helvetica, sans-serif;\">Dieses ist die private Homepage von Old Tablers 160 Minden<\/span><\/strong><\/span><\/p>\r\n<p style=\"text-align: center;\"><span style=\"color: #0000ff; font-size: 18pt;\"><a style=\"color: #0000ff;\" href=\"https:\/\/www.ot160.de\/home\/pingpongparkinson\/\"><span style=\"text-decoration: underline;\"><strong><span style=\"font-family: arial, helvetica, sans-serif;\"><img loading=\"lazy\" decoding=\"async\" class=\"size-full wp-image-917 aligncenter\" src=\"https:\/\/www.ot160.de\/wp-content\/uploads\/2025\/12\/OT-160-Info.jpg\" alt=\"OT-160-Info\" width=\"481\" height=\"88\" srcset=\"https:\/\/www.ot160.de\/wp-content\/uploads\/2025\/12\/OT-160-Info.jpg 481w, https:\/\/www.ot160.de\/wp-content\/uploads\/2025\/12\/OT-160-Info-300x55.jpg 300w\" sizes=\"auto, (max-width: 481px) 100vw, 481px\" \/><\/span><\/strong><\/span><\/a><a href=\"https:\/\/www.ot160.de\/wp-content\/uploads\/2025\/10\/Parkinson-was-tun-1.mp4\"><img loading=\"lazy\" decoding=\"async\" class=\" wp-image-1380 aligncenter\" src=\"https:\/\/www.ot160.de\/wp-content\/uploads\/2026\/05\/PPP-GlasVideo-Text.jpg\" alt=\"Hier einen Klick und das Video startet\" width=\"888\" height=\"432\" srcset=\"https:\/\/www.ot160.de\/wp-content\/uploads\/2026\/05\/PPP-GlasVideo-Text.jpg 758w, https:\/\/www.ot160.de\/wp-content\/uploads\/2026\/05\/PPP-GlasVideo-Text-300x146.jpg 300w\" sizes=\"auto, (max-width: 888px) 100vw, 888px\" \/><\/a><\/span><span style=\"color: #000000;\"><span style=\"font-family: arial, helvetica, sans-serif; font-size: 12pt;\">Nach dem Klick zeigt ein kleiner Film einen neuen Weg aus der Krise<\/span><\/span><\/p>\r\n<p style=\"text-align: center;\"><span style=\"color: #0000ff; font-size: 14pt;\"><strong><span style=\"font-family: arial, helvetica, sans-serif;\"><span style=\"text-decoration: underline;\"><a style=\"color: #0000ff; text-decoration: underline;\" href=\"https:\/\/www.ot160.de\/home\/ppp-distrikt-5\/\">Der Distrikt 5 der <\/a><a style=\"color: #0000ff; text-decoration: underline;\" href=\"https:\/\/www.ot160.de\/home\/ppp-distrikt-5\/\">Old Tablers <\/a><a style=\"color: #0000ff; text-decoration: underline;\" href=\"https:\/\/www.ot160.de\/home\/ppp-distrikt-5\/\">Deutschland unterst\u00fctzt den PingPongParkinson e.V.<\/a><\/span>\u00a0<\/span><\/strong><\/span><\/p>\r\n<p><span style=\"font-size: 14pt;\"><span style=\"font-family: arial, helvetica, sans-serif;\">Die Hilfe der Old Tablers setzt dort ein, wo die Hilfe anderer endet.\u00a0<\/span><\/span><span style=\"font-family: arial, helvetica, sans-serif;\"><span style=\"font-size: 18.6667px;\">Oftmals ist die B\u00fcrokratie zu tr\u00e4ge oder erkennt nicht, wie notwendig es ist, Menschen in schwierigen Situationen zu unterst\u00fctzen. Es gibt immer 1000 Gr\u00fcnde, warum etwas nicht funktioniert oder nicht unterst\u00fctzt werden kann. Und genau hier setzt die Hilfe der Old Tablers ein. Spontan und unb\u00fcrokratisch. Nicht lange reden, sondern machen. Einfach nur machen.\u00a0<\/span><\/span><\/p>\r\n<p style=\"text-align: center;\"><span style=\"font-size: 14pt; font-family: arial, helvetica, sans-serif;\"><a href=\"https:\/\/www.ot160.de\/home\/parkinson\/\"><span style=\"color: #0000ff;\"><span style=\"text-decoration: underline;\"><strong>Was ist Parkinson<\/strong><\/span><\/span><\/a><\/span><\/p>\r\n<p><span style=\"font-family: arial, helvetica, sans-serif; font-size: 14pt;\">Mit der \u00dcbergabe von zwei kleinen Spenden an PingPongParkinson-St\u00fctzpunkte haben wir erfahren,\u00a0<\/span><span style=\"font-family: arial, helvetica, sans-serif; font-size: 14pt;\">wie wichtig und hilfreich das Tischtennis-Spiel f\u00fcr Menschen mit einer Parkinson-Erkrankung ist. 98% der Parkinson-Patienten, die das Tischtennisspiel probieren, bleiben dabei. Das hat uns motiviert, PPP zu unterst\u00fctzen. <\/span><\/p>\r\n<p><span style=\"font-family: arial, helvetica, sans-serif; font-size: 14pt;\">Das hat auch den OT 160 Minden motiviert, seine Internet-Plattform f\u00fcr diese Distrikt-Aktion zur Verf\u00fcgung zu stellen. Danke daf\u00fcr.<\/span><\/p>\r\n<p class=\"page-title\" style=\"text-align: center;\"><span style=\"font-family: arial, helvetica, sans-serif;\"><strong><span style=\"text-decoration: underline;\"><span style=\"color: #0000ff; text-decoration: underline;\"><a style=\"color: #0000ff; text-decoration: underline;\" href=\"https:\/\/www.ot160.de\/home\/ppp-geld-ist-nicht-alles\/\"><span style=\"font-size: 14pt;\">Bei Parkinson ist es <\/span><\/a><a style=\"color: #0000ff; text-decoration: underline;\" href=\"https:\/\/www.ot160.de\/home\/ppp-geld-ist-nicht-alles\/\">f\u00fcr einen neuen Weg<\/a>\u00a0nie zu sp\u00e4t\u00a0<\/span><\/span><\/strong><\/span><\/p>\r\n<p><img loading=\"lazy\" decoding=\"async\" class=\"size-full wp-image-945 aligncenter\" src=\"https:\/\/www.ot160.de\/wp-content\/uploads\/2025\/12\/PPP-3-Bilder.jpg\" alt=\"\" width=\"977\" height=\"212\" srcset=\"https:\/\/www.ot160.de\/wp-content\/uploads\/2025\/12\/PPP-3-Bilder.jpg 977w, https:\/\/www.ot160.de\/wp-content\/uploads\/2025\/12\/PPP-3-Bilder-300x65.jpg 300w, https:\/\/www.ot160.de\/wp-content\/uploads\/2025\/12\/PPP-3-Bilder-768x167.jpg 768w\" sizes=\"auto, (max-width: 977px) 100vw, 977px\" \/><\/p>\r\n<p><img loading=\"lazy\" decoding=\"async\" class=\" wp-image-821 aligncenter\" src=\"https:\/\/www.ot160.de\/wp-content\/uploads\/2025\/11\/PingPongParkinson_5.jpg\" alt=\"PingPong f\u00fcr Parkinson-Erkrankte\" width=\"991\" height=\"357\" srcset=\"https:\/\/www.ot160.de\/wp-content\/uploads\/2025\/11\/PingPongParkinson_5.jpg 683w, https:\/\/www.ot160.de\/wp-content\/uploads\/2025\/11\/PingPongParkinson_5-300x108.jpg 300w\" sizes=\"auto, (max-width: 991px) 100vw, 991px\" \/><\/p>\r\n<p style=\"text-align: center;\"><span style=\"font-size: 18pt; color: #0000ff;\"><strong><span style=\"font-family: arial, helvetica, sans-serif;\">Sie befinden sich jetzt auf der privaten Club-Webseite der Old Tablers 160 Minden<\/span><\/strong><\/span><\/p>\r\n<p style=\"text-align: left;\"><span style=\"font-family: arial, helvetica, sans-serif; font-size: 14pt;\"><span style=\"color: #ff0000;\"><strong>Bitte beachten Sie:<\/strong><\/span> diese Web-Seite enth\u00e4lt ausschlie\u00dflich <strong>private<\/strong>\u00a0<strong>Inhalte<\/strong> unseres Club-Lebens und <\/span><strong><span style=\"font-family: arial, helvetica, sans-serif; font-size: 14pt;\">vertrauliche und\/oder rechtlich gesch\u00fctzte Informationen. <\/span><\/strong><span style=\"color: #0000ff;\"><strong style=\"font-family: arial, helvetica, sans-serif; font-size: 14pt;\">Das Kopieren sowie die unbefugte Weitergabe von Informationen oder das Teilen dieser Web-Seite ist nicht gestattet.\u00a0<\/strong><\/span><\/p>\r\n<p style=\"text-align: center;\"><span style=\"font-family: arial, helvetica, sans-serif; font-size: 14pt;\">Vielen Dank f\u00fcr Ihr Verst\u00e4ndnis<\/span><\/p>\r\n<p style=\"text-align: center;\"><span style=\"font-size: 18pt;\"><strong><span style=\"font-family: arial, helvetica, sans-serif;\">Old Tablers 160 Minden<\/span><\/strong><\/span><\/p>\r\n<p style=\"text-align: center;\"><span style=\"text-decoration: underline; font-size: 10pt;\"><span style=\"color: #0000ff; text-decoration: underline;\"><a style=\"color: #0000ff; text-decoration: underline;\" href=\"https:\/\/old-tablers.de\/\"><strong><span style=\"font-family: arial, helvetica, sans-serif;\">Zur Homepage von Old Tablers Deutschland<\/span><\/strong><\/a><\/span><\/span><\/p>\r\n<p style=\"text-align: center;\"><span style=\"font-size: 10pt;\"><span style=\"text-decoration: underline;\"><strong><span style=\"color: #0000ff; font-family: arial, helvetica, sans-serif; text-decoration: underline;\"><a style=\"color: #0000ff; text-decoration: underline;\" href=\"https:\/\/rt160.round-table.de\/\">zur Homepage von Round Table 160 Minden<\/a><\/span><\/strong><\/span>\u00a0 \u00a0\u00a0<span style=\"text-decoration: underline; font-family: arial, helvetica, sans-serif;\"><span style=\"color: #0000ff; text-decoration: underline;\"><strong><a style=\"color: #0000ff; text-decoration: underline;\" href=\"https:\/\/160-de.41er.world\/de\/login\/?next=\/de\/\">\u00a0 Zur OTD-World<\/a><\/strong><\/span><\/span>\u00a0<\/span><\/p>\r\n<p><span style=\"font-family: arial, helvetica, sans-serif;\"><span style=\"font-size: 24px;\"><b>\u00a0<\/b><\/span><\/span><\/p>\r\n<p><span style=\"font-size: 14pt;\"><strong><span style=\"font-family: arial, helvetica, sans-serif;\">Das D5-Pr\u00e4sidium<span style=\"font-size: 12pt;\"> <strong style=\"text-align: center;\">2025 &#8211; 2027\u00a0<\/strong><\/span><\/span><\/strong><\/span><\/p>\r\n<ul>\r\n<li><span style=\"font-size: 14pt;\"><strong><span style=\"font-family: arial, helvetica, sans-serif;\">Christian Busch, Distrikt-Pr\u00e4sident<\/span><\/strong><\/span><\/li>\r\n<li><span style=\"font-size: 14pt;\"><strong><span style=\"font-family: arial, helvetica, sans-serif;\">Jochen Bock, Distrikt-Past-Pr\u00e4sident<\/span><\/strong><\/span><\/li>\r\n<li><span style=\"font-size: 14pt;\"><strong><span style=\"font-family: arial, helvetica, sans-serif;\">Arthur Podkocki, Distrikt-Vize-Pr\u00e4sident<\/span><\/strong><\/span><\/li>\r\n<\/ul>\r\n<p><span style=\"font-size: 12pt;\"><span style=\"font-family: arial, helvetica, sans-serif;\"><strong>Eine Initiative vom Distrikt 5, Old Tablers Deutschland, Christian Busch, Distrikt-5-Pr\u00e4sident, Enzianstra\u00dfe 12 A, 32423 Minden.\u00a0<\/strong><\/span><span style=\"font-family: arial, helvetica, sans-serif;\"><strong>Die Freigabe der Bilder erfolgte von Herrn Manfred Greve, PingPongParkinson Deutschland eV, Barbarastra\u00dfe 15,48529 Nordhorn<\/strong><\/span><\/span><\/p>\r\n<p style=\"text-align: center;\"><span style=\"color: #0000ff; font-family: arial, helvetica, sans-serif;\"><span style=\"font-size: 24px;\"><b><u>\u00a0<\/u><\/b><\/span><\/span><\/p>\r\n<p>&nbsp;<\/p>\r\n<p>&nbsp;<\/p>\r\n<p>&nbsp;<\/p>\r\n<p>&nbsp;<\/p>\r\n<p>&nbsp;<\/p>\r\n<p>&nbsp;<\/p>\r\n<p>&nbsp;<\/p>\r\n<p>&nbsp;<\/p>\r\n<p>&nbsp;<\/p>\r\n<p>&nbsp;<\/p>\r\n<p>&nbsp;<\/p>\r\n<p>&nbsp;<\/p>\r\n<p>&nbsp;<\/p>\r\n<p>&nbsp;<\/p>\r\n<p>&nbsp;<\/p>\r\n<p>&nbsp;<\/p>\r\n<p>&nbsp;<\/p>\r\n<p>&nbsp;<\/p>\r\n<p>&nbsp;<\/p>\r\n<p>&nbsp;<\/p>\r\n<p>&nbsp;<\/p>\r\n<p>&nbsp;<\/p>\r\n\r\n<p>&nbsp;<\/p>","protected":false},"excerpt":{"rendered":"<p>Dieses ist die private Homepage von Old Tablers 160 Minden Nach dem Klick zeigt ein kleiner Film einen neuen Weg&hellip;<\/p>\n","protected":false},"author":1,"featured_media":0,"parent":0,"menu_order":0,"comment_status":"closed","ping_status":"open","template":"","meta":{"footnotes":""},"class_list":["post-2","page","type-page","status-publish","hentry"],"_links":{"self":[{"href":"https:\/\/www.ot160.de\/home\/wp-json\/wp\/v2\/pages\/2","targetHints":{"allow":["GET"]}}],"collection":[{"href":"https:\/\/www.ot160.de\/home\/wp-json\/wp\/v2\/pages"}],"about":[{"href":"https:\/\/www.ot160.de\/home\/wp-json\/wp\/v2\/types\/page"}],"author":[{"embeddable":true,"href":"https:\/\/www.ot160.de\/home\/wp-json\/wp\/v2\/users\/1"}],"replies":[{"embeddable":true,"href":"https:\/\/www.ot160.de\/home\/wp-json\/wp\/v2\/comments?post=2"}],"version-history":[{"count":128,"href":"https:\/\/www.ot160.de\/home\/wp-json\/wp\/v2\/pages\/2\/revisions"}],"predecessor-version":[{"id":1497,"href":"https:\/\/www.ot160.de\/home\/wp-json\/wp\/v2\/pages\/2\/revisions\/1497"}],"wp:attachment":[{"href":"https:\/\/www.ot160.de\/home\/wp-json\/wp\/v2\/media?parent=2"}],"curies":[{"name":"wp","href":"https:\/\/api.w.org\/{rel}","templated":true}]}}