{"id":1308,"date":"2026-04-21T13:15:24","date_gmt":"2026-04-21T11:15:24","guid":{"rendered":"https:\/\/www.ot160.de\/home\/?page_id=1308"},"modified":"2026-04-21T17:13:02","modified_gmt":"2026-04-21T15:13:02","slug":"parkinson","status":"publish","type":"page","link":"https:\/\/www.ot160.de\/home\/parkinson\/","title":{"rendered":"Parkinson &#8211; was ist das f\u00fcr eine Krankheit?"},"content":{"rendered":"<p style=\"text-align: center;\"><span style=\"font-family: 'arial black', sans-serif; font-size: 18pt; color: #0000ff;\"><strong>Parkinson &#8211; was ist das f\u00fcr eine Krankheit?<\/strong><\/span><\/p>\n<p><img loading=\"lazy\" decoding=\"async\" class=\" wp-image-1314 aligncenter\" src=\"https:\/\/www.ot160.de\/wp-content\/uploads\/2026\/04\/PPP-Hand-1.jpg\" alt=\"wenn Parkinson Dein Leben zerbricht, gibt es einen neuen Weg\" width=\"1110\" height=\"514\" srcset=\"https:\/\/www.ot160.de\/wp-content\/uploads\/2026\/04\/PPP-Hand-1.jpg 1231w, https:\/\/www.ot160.de\/wp-content\/uploads\/2026\/04\/PPP-Hand-1-300x139.jpg 300w, https:\/\/www.ot160.de\/wp-content\/uploads\/2026\/04\/PPP-Hand-1-1024x474.jpg 1024w, https:\/\/www.ot160.de\/wp-content\/uploads\/2026\/04\/PPP-Hand-1-768x356.jpg 768w\" sizes=\"auto, (max-width: 1110px) 100vw, 1110px\" \/><\/p>\n<p><span style=\"color: #0000ff; font-size: 18pt; font-family: arial, helvetica, sans-serif;\"><strong>Wie \u00e4u\u00dfert sich eine Parkinson-Erkrankung?<\/strong><\/span><\/p>\n<p><span style=\"font-family: arial, helvetica, sans-serif;\">Die Parkinson-Krankheit ist eine unheilbare, fortschreitende neurodegenerative Erkrankung des Gehirns, bei der dopaminproduzierende Nervenzellen absterben, was zu Bewegungsarmut (Akinese), Muskelsteife (Rigor) und Zittern (Tremor) f\u00fchrt. Die Diagnose erfolgt prim\u00e4r durch neurologische Untersuchungen, [L-Dopa-Tests] oder [Riechtests]. Obwohl nicht heilbar, l\u00e4sst sich die Krankheit durch Medikamente (wie L-Dopa) und [Therapien] meist gut behandeln.<\/span><\/p>\n<p><span style=\"font-family: arial, helvetica, sans-serif;\">Die Parkinson-Krankheit \u00e4u\u00dfert sich sehr h\u00e4ufig sichtbar, z. B. wie im Film oben gezeigt, durch Zittern. Doch viele Menschen gleiten auch in Depressionen ab und ziehen sich aus dem aktiven Leben zur\u00fcck.\u00a0In der Medizin hat man festgestellt, dass Tischtennisspielen f\u00fcr Parkinson-Erkrankte die Koordination der Bewegungen verbessert. Somit wurde 2020 in Nordhorn der erste Verein gegr\u00fcndet, der sich PingPongParkinson nennt.<\/span><\/p>\n<p><a href=\"https:\/\/www.ot160.de\/wp-content\/uploads\/2025\/10\/Parkinson-was-tun-1.mp4\"><img loading=\"lazy\" decoding=\"async\" class=\" wp-image-1222 aligncenter\" src=\"https:\/\/www.ot160.de\/wp-content\/uploads\/2026\/04\/PPP-GlasText.jpg\" alt=\"PPP - wenn Parkinson Dein Leben zerbricht, gibt es einen neuen Weg\" width=\"1098\" height=\"530\" srcset=\"https:\/\/www.ot160.de\/wp-content\/uploads\/2026\/04\/PPP-GlasText.jpg 1373w, https:\/\/www.ot160.de\/wp-content\/uploads\/2026\/04\/PPP-GlasText-300x145.jpg 300w, https:\/\/www.ot160.de\/wp-content\/uploads\/2026\/04\/PPP-GlasText-1024x494.jpg 1024w, https:\/\/www.ot160.de\/wp-content\/uploads\/2026\/04\/PPP-GlasText-768x371.jpg 768w\" sizes=\"auto, (max-width: 1098px) 100vw, 1098px\" \/><\/a><\/p>\n<p><span style=\"font-size: 18pt; color: #0000ff;\"><strong><span style=\"font-family: arial, helvetica, sans-serif;\">Wissenschaftliche Studien zu Tischtennis bei Parkinson-Erkrankung<\/span><\/strong><\/span><\/p>\n<p><span style=\"font-family: arial, helvetica, sans-serif; font-size: 14pt;\">Erste wissenschaftliche Studien best\u00e4tigen das Empfinden aller Betroffenen, die es ausprobiert haben: Die fortschreitende Verschlechterung der Symptome der Parkinson-Krankheit kann durch das Spielen von Tischtennis als physikalische Therapie verlangsamt werden. Daf\u00fcr hat sich das <\/span><span style=\"font-family: arial, helvetica, sans-serif; font-size: 14pt;\">Mittel Tischtennis als ideal herausgestellt.<\/span><\/p>\n<p><img loading=\"lazy\" decoding=\"async\" class=\"wp-image-820 aligncenter\" src=\"https:\/\/www.ot160.de\/wp-content\/uploads\/2025\/11\/PingPongParkinson_4.jpg\" alt=\"PingPong f\u00fcr Parkinson-Erkrankte\" width=\"607\" height=\"314\" srcset=\"https:\/\/www.ot160.de\/wp-content\/uploads\/2025\/11\/PingPongParkinson_4.jpg 699w, https:\/\/www.ot160.de\/wp-content\/uploads\/2025\/11\/PingPongParkinson_4-300x155.jpg 300w\" sizes=\"auto, (max-width: 607px) 100vw, 607px\" \/><\/p>\n<p><span style=\"color: #0000ff; font-size: 18pt;\"><strong><span style=\"font-family: arial, helvetica, sans-serif;\">Die Hilfe der Old Tablers setzt dort ein, wo die Hilfe anderer endet.<\/span><\/strong><\/span><\/p>\n<p><span style=\"font-family: arial, helvetica, sans-serif; font-size: 14pt;\">Die besondere Bedeutung der Freundschaft <\/span><span style=\"font-family: arial, helvetica, sans-serif; font-size: 14pt;\">der Tabler von OT 160 Minden hat f\u00fcr die Tischmitglieder eine besondere Bedeutung. Sie ist das verbindende Element zwischen uns, und auch \u00fcber die Tischgrenzen hinweg. Wir Tabler vom OT 160 Minden sind Freunde. Unser Freundeskreis erstreckt sich \u00fcber alle Kontinente auf der Welt! \u00c4hnlich wie bei der Tafelrunde von K\u00f6nig Artus treffen wir uns am \u201crunden Tisch\u201d. Gleiche unter Gleichen, jenseits von Religionszugeh\u00f6rigkeit, Berufsstand, gesellschaftlicher Position oder Hautfarbe.<\/span><\/p>\n<p><span style=\"font-family: arial, helvetica, sans-serif; font-size: 14pt;\">Freundschaft wird unter Tablern aktiv gelebt. Im Gespr\u00e4ch und im Austausch miteinander. In der gegenseitigen Hilfe. Im vertraulichen Umgang miteinander. Im Mitf\u00fchlen, Mitdenken, Mitfreuen und auch im Mitleiden. Bei uns am eigenen Tisch. Ebenso auf der Distriktebene wie auch national und international.<\/span><\/p>\n<p><span style=\"color: #0000ff; font-size: 18pt;\"><strong><span style=\"font-family: arial, helvetica, sans-serif;\">Der Old Tablers Distrikt 5 unterst\u00fctzt das Projekt &#8222;PingPongParkinson&#8220;\u00a0<\/span><\/strong><\/span><\/p>\n<p><span style=\"font-size: 14pt; font-family: arial, helvetica, sans-serif;\">Im Freundeskreis der Old Tablers wie auch in unserer Nachbarschaft gibt es Menschen, die an Parkinson erkrankt sind. Weil einige an sich festgestellt haben, dass sie sich ach einem Tischtennis-Spiel besser f\u00fchlten, wurde daraus der PingPongParkinson-Verein gegr\u00fcndet. Die Mitgliedsbeitr\u00e4ge der einzelnen Mitspieler ist mit 12,00 \u20ac pro Jahr sehr gering. Somit ben\u00f6tigt der PingPongParkinson e.V. Spenden. Unsere Gemeinschaft hilft. Wir vermitteln Kontakte zwischen frisch betroffenen Patienten und langj\u00e4hrig erkrankten Menschen zum Austausch \u00fcber \u00c4rzte, Kliniken, Therapien usw. Wir sammeln Spenden in unseren eigenen Reihen und wir motivieren Menschen, direkt an PPP zu spenden.<\/span><\/p>\n<p><span style=\"font-family: arial, helvetica, sans-serif; font-size: 14pt;\">Ob als Tisch, Verein, Privatperson oder als Firma: wer die Initiative gut findet, m\u00f6ge bitte die Parkinson-Therapie mit einer Spende unterst\u00fctzen. Ob 10, 100 oder 1000 \u20ac &#8211; (Infos zu Spendenquittungen auf der Info-Seite) jeder Betrag geht zu 100% direkt an PingPongParkinson und hilft und unterst\u00fctzt den Ausbau der Therapie bei Parkinson, neurologischen Erkrankungen und Demenz. Vielen Dank! \u00a0<\/span><\/p>\n<p>&nbsp;<\/p>\n<p>&nbsp;<\/p>\n<p><strong><span style=\"font-family: arial, helvetica, sans-serif; font-size: 18pt;\">F\u00fcr mehr Informationen diese Links anklicken:<\/span><\/strong><\/p>\n<ul>\n<li><span style=\"text-decoration: underline;\"><a href=\"https:\/\/www.ot160.de\/home\/parkinson\/\"><span style=\"font-family: 'arial black', sans-serif; font-size: 18pt; color: #0000ff;\"><strong>Parkinson &#8211; was ist das f\u00fcr eine Krankheit?<\/strong><\/span><\/a><\/span><\/li>\n<li style=\"text-align: left;\"><span style=\"text-decoration: underline;\"><span style=\"font-family: 'arial black', sans-serif; font-size: 18pt; color: #0000ff; text-decoration: underline;\"><a style=\"color: #0000ff; text-decoration: underline;\" href=\"https:\/\/www.ot160.de\/home\/ppp-an-die-platte\/\">PPP-Motto: Runter vom Sofa und ran an die Platte<\/a><\/span><\/span><\/li>\n<li><span style=\"text-decoration: underline;\"><a href=\"https:\/\/www.ot160.de\/home\/ppp-geld-ist-nicht-alles\/\"><span style=\"font-family: 'arial black', sans-serif; font-size: 18pt; color: #0000ff;\"><strong>PPP &#8211; Geld ist nicht alles<\/strong><\/span><\/a><\/span><\/li>\n<li><span style=\"text-decoration: underline;\"><span style=\"font-family: 'arial black', sans-serif; font-size: 18pt; color: #0000ff; text-decoration: underline;\"><a style=\"color: #0000ff; text-decoration: underline;\" href=\"https:\/\/www.ot160.de\/home\/stuetzpunkt-finden\/\">PPP-St\u00fctzpunkt finden und gr\u00fcnden<\/a><\/span><\/span><\/li>\n<li><span style=\"text-decoration: underline; color: #0000ff;\"><a style=\"color: #0000ff; text-decoration: underline;\" href=\"https:\/\/www.ot160.de\/home\/ppp-distrikt-5\/\"><span style=\"font-family: 'arial black', sans-serif; font-size: 18pt;\">PPP hat vom Distrikt 5 der Old Tablers \u00fcber 7.000 \u20ac an Spenden erhalten<\/span><\/a><\/span><\/li>\n<li><span style=\"color: #0000ff;\"><a style=\"color: #0000ff;\" href=\"https:\/\/www.ot160.de\/home\/ppp-spendengelder\/\"><span style=\"font-family: 'arial black', sans-serif; font-size: 18pt;\"><span style=\"text-decoration: underline;\">PPP &#8211; Warum ben\u00f6tigt PPP Spenden?<\/span><\/span><\/a><\/span><\/li>\n<li><span style=\"text-decoration: underline;\"><a href=\"https:\/\/www.ot160.de\/home\/pingpongparkinson-bank\/\"><span style=\"font-family: 'arial black', sans-serif; font-size: 18pt; color: #0000ff; text-decoration: underline;\">an PingPongParkinson Geld spenden<\/span><\/a><\/span><\/li>\n<li><a href=\"https:\/\/www.ot160.de\/home\/ppp-historie\/\"><span style=\"text-decoration: underline; font-family: 'arial black', sans-serif; font-size: 18pt;\"><span style=\"color: #0000ff; text-decoration: underline;\"><strong>Wer ist <\/strong><b>PingPongParkinson Deutschland e.V. und wie PPP<\/b><\/span><strong><span style=\"color: #0000ff; text-decoration: underline;\"> entstanden ist<\/span><\/strong><\/span><\/a><\/li>\n<li><span style=\"text-decoration: underline; color: #0000ff;\"><a style=\"color: #0000ff;\" href=\"https:\/\/www.ot160.de\/\"><strong><span style=\"font-size: 18pt; font-family: arial, helvetica, sans-serif;\"><span style=\"font-family: 'arial black', sans-serif;\">zur\u00fcck zur Startseite\u00a0<\/span><\/span><\/strong><\/a><\/span><\/li>\n<li><span style=\"text-decoration: underline; color: #0000ff;\"><a style=\"color: #0000ff;\" href=\"https:\/\/www.pingpongparkinson.de\/\"><strong><span style=\"font-size: 18pt; font-family: 'arial black', sans-serif;\">zur PingPongParkinson Homepage<\/span><\/strong><\/a><\/span><\/li>\n<\/ul>\n<p><strong><span style=\"font-family: arial, helvetica, sans-serif; font-size: 18pt; color: #0000ff;\">F\u00fcr weitere Infos bitte diese Links anklicken:<\/span><\/strong><\/p>\n<ul>\n<li><span style=\"font-size: 14pt;\"><strong><span style=\"font-family: arial, helvetica, sans-serif;\">PingPongParkinson_Flyer: <\/span><\/strong><\/span><span style=\"font-size: 14pt; color: #0000ff;\"><strong><span style=\"font-family: arial, helvetica, sans-serif;\"><span style=\"text-decoration: underline;\"><a style=\"color: #0000ff; text-decoration: underline;\" href=\"https:\/\/www.ot160.de\/wp-content\/uploads\/2025\/11\/D5-Distriktversammlung-2025-11-23_Flyer-1.pdf\">D5-Distriktversammlung 2025-11-23_Flyer<\/a><\/span><\/span><\/strong><\/span><\/li>\n<li><span style=\"font-size: 14pt;\"><strong><span style=\"font-family: arial, helvetica, sans-serif;\">PDF-Datei der OT-Pr\u00e4sentation:\u00a0<\/span><\/strong><span style=\"color: #0000ff;\"><a style=\"color: #0000ff;\" href=\"https:\/\/www.ot160.de\/wp-content\/uploads\/2025\/11\/D5-Distrikt-Meetings_2025-11-08_PingPongParkinsonVers_2025-11-23-1.pdf\"><span style=\"text-decoration: underline;\"><span style=\"font-family: arial, helvetica, sans-serif;\"><strong>F\u00fcr mehr Informationen bitte diesen Link anklicken<\/strong><\/span><\/span><\/a><\/span><\/span><\/li>\n<li><span style=\"font-family: arial, helvetica, sans-serif; font-size: 14pt;\"><strong>Zeitungsbericht &#8222;Die Glocke&#8220; :\u00a0 \u00a0\u00a0 <span style=\"text-decoration: underline; color: #0000ff;\"><a style=\"color: #0000ff; text-decoration: underline;\" href=\"https:\/\/www.ot160.de\/wp-content\/uploads\/2025\/10\/PingPongParkinson_2025-10-22_Bericht_Die_Glocke.pdf\">PingPongParkinson_2025-10-22_Bericht_Die_Glocke<\/a><\/span><\/strong><\/span><\/li>\n<li><strong><span style=\"font-family: arial, helvetica, sans-serif; font-size: 14pt;\">Zeitungsbericht &#8222;Mindener Tageblatt&#8220; vom 02.09.2025: <\/span><span style=\"text-decoration: underline; color: #0000ff;\"><a style=\"color: #0000ff; text-decoration: underline;\" href=\"https:\/\/www.mt.de\/ratgeber\/gesundheit\/Pingpong-mit-Parkinson-Wie-Tischtennis-den-Erkrankten-hilft-24166663.html\"><span style=\"font-family: arial, helvetica, sans-serif; font-size: 14pt;\">Wie Tischtennis den Erkrankten hilft<\/span><\/a><\/span><\/strong><\/li>\n<li><span style=\"font-size: 14pt; font-family: arial, helvetica, sans-serif;\"><b>Mehr Infos und <\/b><b>Videos zum PingPongParkinson e.V. gibt&#8217;s<\/b><b> auf der Homepage:\u00a0<\/b><\/span><span style=\"font-size: 14pt; font-family: arial, helvetica, sans-serif; color: #0000ff;\"><b><span style=\"text-decoration: underline;\"><a style=\"color: #0000ff; text-decoration: underline;\" href=\"https:\/\/www.pingpongparkinson.de\/\">https:\/\/www.pingpongparkinson.de\/<\/a><\/span><\/b><\/span><\/li>\n<\/ul>\n<p>&nbsp;<\/p>\n<p><span style=\"font-size: 14pt;\"><strong><span style=\"font-family: arial, helvetica, sans-serif;\">Das D5-Pr\u00e4sidium<span style=\"font-size: 12pt;\"> <strong style=\"text-align: center;\">2025 &#8211; 2027 <\/strong><\/span>bedankt sich f\u00fcr die Unterst\u00fctzung<\/span><\/strong><\/span><\/p>\n<ul>\n<li><span style=\"font-size: 14pt;\"><strong><span style=\"font-family: arial, helvetica, sans-serif;\">Christian Busch, Distrikt-Pr\u00e4sident<\/span><\/strong><\/span><\/li>\n<li><span style=\"font-size: 14pt;\"><strong><span style=\"font-family: arial, helvetica, sans-serif;\">Jochen Bock, Distrikt-Past-Pr\u00e4sident<\/span><\/strong><\/span><\/li>\n<li><span style=\"font-size: 14pt;\"><strong><span style=\"font-family: arial, helvetica, sans-serif;\">Arthur Podkocki, Distrikt-Vize-Pr\u00e4sident<\/span><\/strong><\/span><\/li>\n<\/ul>\n<p><span style=\"font-size: 12pt;\"><span style=\"font-family: arial, helvetica, sans-serif;\"><strong>Eine Initiative vom Distrikt 5, Old Tablers Deutschland, Christian Busch, Distrikt-5-Pr\u00e4sident, Enzianstra\u00dfe 12 A, 32423 Minden.\u00a0<\/strong><\/span><span style=\"font-family: arial, helvetica, sans-serif;\"><strong>Die Freigabe der Bilder erfolgte von Herrn Manfred Greve, PingPongParkinson Deutschland eV, Barbarastra\u00dfe 15,48529 Nordhorn<\/strong><\/span><\/span><\/p>\n<p style=\"text-align: center;\">\n","protected":false},"excerpt":{"rendered":"<p>Parkinson &#8211; was ist das f\u00fcr eine Krankheit? Wie \u00e4u\u00dfert sich eine Parkinson-Erkrankung? Die Parkinson-Krankheit ist eine unheilbare, fortschreitende neurodegenerative&hellip;<\/p>\n","protected":false},"author":2,"featured_media":0,"parent":0,"menu_order":0,"comment_status":"closed","ping_status":"closed","template":"","meta":{"footnotes":""},"class_list":["post-1308","page","type-page","status-publish","hentry"],"_links":{"self":[{"href":"https:\/\/www.ot160.de\/home\/wp-json\/wp\/v2\/pages\/1308","targetHints":{"allow":["GET"]}}],"collection":[{"href":"https:\/\/www.ot160.de\/home\/wp-json\/wp\/v2\/pages"}],"about":[{"href":"https:\/\/www.ot160.de\/home\/wp-json\/wp\/v2\/types\/page"}],"author":[{"embeddable":true,"href":"https:\/\/www.ot160.de\/home\/wp-json\/wp\/v2\/users\/2"}],"replies":[{"embeddable":true,"href":"https:\/\/www.ot160.de\/home\/wp-json\/wp\/v2\/comments?post=1308"}],"version-history":[{"count":11,"href":"https:\/\/www.ot160.de\/home\/wp-json\/wp\/v2\/pages\/1308\/revisions"}],"predecessor-version":[{"id":1371,"href":"https:\/\/www.ot160.de\/home\/wp-json\/wp\/v2\/pages\/1308\/revisions\/1371"}],"wp:attachment":[{"href":"https:\/\/www.ot160.de\/home\/wp-json\/wp\/v2\/media?parent=1308"}],"curies":[{"name":"wp","href":"https:\/\/api.w.org\/{rel}","templated":true}]}}