{"id":1273,"date":"2026-04-20T16:57:35","date_gmt":"2026-04-20T14:57:35","guid":{"rendered":"https:\/\/www.ot160.de\/home\/?page_id=1273"},"modified":"2026-05-01T17:54:52","modified_gmt":"2026-05-01T15:54:52","slug":"ppp-geld-ist-nicht-alles","status":"publish","type":"page","link":"https:\/\/www.ot160.de\/home\/ppp-geld-ist-nicht-alles\/","title":{"rendered":"PPP &#8211; Es ist nie zu sp\u00e4t &#8211; Lass uns etwas Neues beginnen\u00a0"},"content":{"rendered":"<p><img loading=\"lazy\" decoding=\"async\" class=\"size-full wp-image-1436 aligncenter\" src=\"https:\/\/www.ot160.de\/wp-content\/uploads\/2026\/05\/PPP-Unterstuetzung.jpg\" alt=\"Komm, mach mit! Wir brauchen DEINE Hilfe. Lass uns gemeinsam PPP unterst\u00fctzen\" width=\"758\" height=\"382\" srcset=\"https:\/\/www.ot160.de\/wp-content\/uploads\/2026\/05\/PPP-Unterstuetzung.jpg 758w, https:\/\/www.ot160.de\/wp-content\/uploads\/2026\/05\/PPP-Unterstuetzung-300x151.jpg 300w\" sizes=\"auto, (max-width: 758px) 100vw, 758px\" \/><\/p>\n<p><span style=\"color: #0000ff;\"><strong><span style=\"font-family: arial, helvetica, sans-serif; font-size: 18pt;\">Wir brauchen DEINE Hilfe. Z. B. f\u00fcr den n\u00e4chsten PPP-St\u00fctzpunkt<\/span><\/strong><\/span><\/p>\n<p><span style=\"font-size: 14pt;\"><span style=\"font-family: arial, helvetica, sans-serif;\"><span style=\"font-family: arial, helvetica, sans-serif; font-size: 14pt;\">Wir vom Distrikt-5-Team der Old Tablers wollen neue PPP-St\u00fctzpunkte schaffen. Und wir wollen das Therapie-Angebot weiter ausbauen und unterst\u00fctzen.\u00a0<\/span><\/span><\/span><\/p>\n<p><span style=\"font-size: 14pt;\"><span style=\"font-family: arial, helvetica, sans-serif;\">Du hast Parkinson? Das ist schlimm. Weil auch Du an Parkinson erkrankt bist, kannst Du uns helfen. Mit Ehrgeiz und Eigen-Initiative wollen wir mindestens einen neuen PPP-St\u00fctzpunkt in Deiner N\u00e4he aufbauen. Dazu ben\u00f6tigen wir Menschen wie DICH, die tatkr\u00e4ftig sind und mit anfassen. Und wir brauchen Menschen mit Ideen, die Aktionen in die Tat umsetzen k\u00f6nnen.\u00a0<\/span><\/span><\/p>\n<p><span style=\"font-family: arial, helvetica, sans-serif; font-size: 14pt;\"><strong>Gibt es Deiner N\u00e4he einen Tischtennis-Verein, der noch keine eigene Parkinson-Gruppe hat?<\/strong> Wenn ja, magst Du selbst den Verein mit der Idee kontaktieren, dass dort eine eigene Parkinson-Gruppe installiert wird?<\/span><\/p>\n<p><span style=\"font-family: arial, helvetica, sans-serif; font-size: 14pt;\"><strong>Gibt es Kontaktpersonen in dem Tischtennis-Verein, die wir vom Distrikt-Pr\u00e4sidium aus ansprechen k\u00f6nnen?<\/strong> Das w\u00e4re uns eine gro\u00dfe Hilfe. Wir freuen uns \u00fcber jeden telefonischen Hinweis <span style=\"color: #0000ff;\"><strong>(Tel.: +49 5205 950573)<\/strong><\/span> und \u00fcber jede Aktivit\u00e4t im Sinne des Projekts per Mail<\/span><span style=\"font-size: 14pt;\"><span style=\"font-family: arial, helvetica, sans-serif;\">\u00a0an\u00a0 \u00a0<a href=\"ppp@ot160.de\"><strong><span style=\"text-decoration: underline; color: #0000ff;\">ppp@ot160.de<\/span><\/strong><\/a><\/span><span style=\"font-family: arial, helvetica, sans-serif;\"><strong><span style=\"color: #0000ff;\">\u00a0<\/span><\/strong> \u00a0<\/span><\/span><\/p>\n<p style=\"text-align: center;\"><span style=\"text-decoration: underline; font-size: 14pt;\"><span style=\"font-family: 'arial black', sans-serif; color: #0000ff; text-decoration: underline;\"><a style=\"color: #0000ff; text-decoration: underline;\" href=\"https:\/\/www.ot160.de\/home\/stuetzpunkt-finden\/\">PPP-St\u00fctzpunkt finden oder gr\u00fcnden<\/a><\/span><\/span><\/p>\n<p style=\"text-align: left;\"><span style=\"font-family: arial, helvetica, sans-serif; font-size: 18pt; color: #0000ff;\"><strong>Unser Motto: Es gibt viele Aktionen und M\u00f6glichkeiten, PPP pers\u00f6nlich zu unterst\u00fctzen<\/strong><\/span><\/p>\n<p><span style=\"font-family: arial, helvetica, sans-serif; font-size: 14pt;\">Viele unserer Tische (Clubs) haben seit Jahren ihre eigenen Service-Projekte. Um Spenden zu generieren gibt es viele Aktionen: es gibt Entenrennen, Kunstauktionen, Versteigerungen sch\u00f6ner Dinge und vieles mehr. Wer PPP unterst\u00fctzen m\u00f6chte und eine Idee ben\u00f6tigt, melde sich bei uns:<\/span><\/p>\n<p style=\"text-align: center;\"><span style=\"font-size: 18pt;\"><strong><span style=\"font-family: arial, helvetica, sans-serif;\"><a href=\"mailto:ppp@ot160.de\"><span style=\"text-decoration: underline;\">ppp@ot160.de<\/span><\/a> oder <span style=\"color: #0000ff;\">Tel.: +49 5205 950573<\/span><\/span><\/strong><\/span><\/p>\n<p><img loading=\"lazy\" decoding=\"async\" class=\"alignnone wp-image-1437 aligncenter\" src=\"https:\/\/www.ot160.de\/wp-content\/uploads\/2026\/05\/Entenrennen.jpg\" alt=\"Entenrennen f\u00fcr PPP\" width=\"527\" height=\"300\" srcset=\"https:\/\/www.ot160.de\/wp-content\/uploads\/2026\/05\/Entenrennen.jpg 632w, https:\/\/www.ot160.de\/wp-content\/uploads\/2026\/05\/Entenrennen-300x171.jpg 300w\" sizes=\"auto, (max-width: 527px) 100vw, 527px\" \/><span style=\"font-family: arial, helvetica, sans-serif; font-size: 14pt;\">Der Old Table 242 aus Bielefeld plant beispielsweise ein Tischtennis-Turnier und will den Ertrag daraus an den PingPongParkinson e.V. spenden.\u00a0\u00a0<\/span><\/p>\n<p><span style=\"font-family: arial, helvetica, sans-serif; font-size: 14pt;\">Ein Extrem-Sportler aus unserem Kreis will f\u00fcr einen guten Zweck laufen und in einem Stadion Runde f\u00fcr Runde Geld f\u00fcr PPP einnehmen. Jede Idee ist wertvoll. Jede Initiative bringt PPP vorw\u00e4rts. Welche Ideen hast Du?\u00a0\u00a0<\/span><\/p>\n<p><img loading=\"lazy\" decoding=\"async\" class=\"wp-image-819 aligncenter\" style=\"font-family: arial, helvetica, sans-serif; font-size: 18.6667px;\" src=\"https:\/\/www.ot160.de\/wp-content\/uploads\/2025\/11\/PingPongParkinson_3.jpg\" alt=\"PingPong f\u00fcr Parkinson-Erkrankte\" width=\"449\" height=\"377\" srcset=\"https:\/\/www.ot160.de\/wp-content\/uploads\/2025\/11\/PingPongParkinson_3.jpg 619w, https:\/\/www.ot160.de\/wp-content\/uploads\/2025\/11\/PingPongParkinson_3-300x252.jpg 300w\" sizes=\"auto, (max-width: 449px) 100vw, 449px\" \/><\/p>\n<div class=\"mceTemp\" style=\"text-align: left;\"><\/div>\n<p style=\"text-align: left;\"><strong><span style=\"font-family: arial, helvetica, sans-serif; font-size: 18pt;\">F\u00fcr mehr Informationen diese Links anklicken:<\/span><\/strong><\/p>\n<ul>\n<li style=\"text-align: left;\"><span style=\"text-decoration: underline; font-size: 12pt; font-family: arial, helvetica, sans-serif;\"><a href=\"https:\/\/www.ot160.de\/home\/parkinson\/\"><span style=\"color: #0000ff;\">Parkinson &#8211; was ist das f\u00fcr eine Krankheit?<\/span><\/a><\/span><\/li>\n<li style=\"text-align: left;\"><span style=\"text-decoration: underline; font-size: 12pt; font-family: arial, helvetica, sans-serif;\"><span style=\"color: #0000ff; text-decoration: underline;\"><a style=\"color: #0000ff; text-decoration: underline;\" href=\"https:\/\/www.ot160.de\/home\/ppp-an-die-platte\/\">PPP-Motto: Runter vom Sofa und ran an die Platte<\/a><\/span><\/span><\/li>\n<li style=\"text-align: left;\"><span style=\"font-family: arial, helvetica, sans-serif;\"><span style=\"color: #0000ff; font-size: 12pt;\"><a style=\"color: #0000ff;\" href=\"https:\/\/www.ot160.de\/home\/ppp-spendengelder\/\"><span style=\"text-decoration: underline;\">PPP &#8211; Warum ben\u00f6tigt PPP Spenden?<\/span><\/a><\/span><\/span><\/li>\n<li style=\"text-align: left;\"><span style=\"font-family: arial, helvetica, sans-serif;\"><strong><span style=\"text-decoration: underline; font-size: 12pt;\"><a href=\"https:\/\/www.ot160.de\/home\/pingpongparkinson-bank\/\"><span style=\"color: #0000ff; text-decoration: underline;\">Jetzt Geld an PingPongParkinson spenden<\/span><\/a><\/span><\/strong><\/span><\/li>\n<li><span style=\"text-decoration: underline;\"><a href=\"https:\/\/www.ot160.de\/home\/ppp-distrikt-5\/\"><span style=\"font-family: arial, helvetica, sans-serif; color: #0000ff; text-decoration: underline;\">Old Tablers Distrikt 5 unterst\u00fctzt &#8222;PingPongParkinson&#8220;\u00a0<\/span><\/a><\/span><\/li>\n<li style=\"text-align: left;\"><span style=\"font-family: arial, helvetica, sans-serif;\"><span style=\"text-decoration: underline; font-size: 12pt;\"><a href=\"https:\/\/www.ot160.de\/home\/ppp-geld-ist-nicht-alles\/\"><span style=\"color: #0000ff;\">PPP &#8211; Es ist nie zu sp\u00e4t &#8211; Lass uns etwas Neues beginnen<\/span><\/a>\u00a0<\/span><\/span><\/li>\n<li style=\"text-align: left;\"><span style=\"font-family: arial, helvetica, sans-serif;\"><strong><span style=\"text-decoration: underline; font-size: 12pt;\"><span style=\"color: #0000ff; text-decoration: underline;\"><a style=\"color: #0000ff; text-decoration: underline;\" href=\"https:\/\/www.ot160.de\/home\/stuetzpunkt-finden\/\">PPP-St\u00fctzpunkt finden und gr\u00fcnden<\/a><\/span><\/span><\/strong><\/span><\/li>\n<li style=\"text-align: left;\"><span style=\"font-family: arial, helvetica, sans-serif;\"><span style=\"text-decoration: underline; color: #0000ff; font-size: 12pt;\"><a style=\"color: #0000ff; text-decoration: underline;\" href=\"https:\/\/www.ot160.de\/home\/ppp-distrikt-5\/\">PPP hat vom Distrikt 5 der Old Tablers \u00fcber 7.000 \u20ac an Spenden erhalten<\/a> \u00a0<\/span><\/span><\/li>\n<li style=\"text-align: left;\"><span style=\"font-family: arial, helvetica, sans-serif;\"><span style=\"font-size: 12pt;\"><a href=\"https:\/\/www.ot160.de\/home\/ppp-historie\/\"><span style=\"text-decoration: underline;\"><span style=\"color: #0000ff; text-decoration: underline;\">Wer ist PingPongParkinson Deutschland e.V. und wie PPP<\/span><span style=\"color: #0000ff; text-decoration: underline;\"> entstanden ist<\/span><\/span><\/a><\/span><\/span><\/li>\n<li style=\"text-align: left;\"><span style=\"font-family: arial, helvetica, sans-serif;\"><strong><span style=\"text-decoration: underline; color: #0000ff; font-size: 12pt;\"><a style=\"color: #0000ff;\" href=\"https:\/\/www.ot160.de\/\">zur Startseite\u00a0<\/a><\/span><\/strong><\/span><\/li>\n<li style=\"text-align: left;\"><span style=\"font-family: arial, helvetica, sans-serif;\"><strong><span style=\"text-decoration: underline; color: #0000ff; font-size: 12pt;\"><a style=\"color: #0000ff;\" href=\"https:\/\/www.pingpongparkinson.de\/\">zur PingPongParkinson Homepage<\/a><\/span><\/strong><\/span><\/li>\n<\/ul>\n<p>&nbsp;<\/p>\n<p>&nbsp;<\/p>\n<p><span style=\"font-size: 14pt;\"><strong><span style=\"font-family: arial, helvetica, sans-serif;\">Das D5-Pr\u00e4sidium<span style=\"font-size: 12pt;\"> <strong style=\"text-align: center;\">2025 &#8211; 2027 <\/strong><\/span>bedankt sich f\u00fcr die Unterst\u00fctzung<\/span><\/strong><\/span><\/p>\n<ul>\n<li><span style=\"font-size: 14pt;\"><strong><span style=\"font-family: arial, helvetica, sans-serif;\">Christian Busch, Distrikt-Pr\u00e4sident<\/span><\/strong><\/span><\/li>\n<li><span style=\"font-size: 14pt;\"><strong><span style=\"font-family: arial, helvetica, sans-serif;\">Jochen Bock, Distrikt-Past-Pr\u00e4sident<\/span><\/strong><\/span><\/li>\n<li><span style=\"font-size: 14pt;\"><strong><span style=\"font-family: arial, helvetica, sans-serif;\">Arthur Podkocki, Distrikt-Vize-Pr\u00e4sident<\/span><\/strong><\/span><\/li>\n<\/ul>\n<p>&nbsp;<\/p>\n<p><span style=\"font-size: 12pt;\"><span style=\"font-family: arial, helvetica, sans-serif;\"><strong>Eine Initiative vom Distrikt 5, Old Tablers Deutschland, Christian Busch, Distrikt-5-Pr\u00e4sident, Enzianstra\u00dfe 12 A, 32423 Minden.\u00a0<\/strong><\/span><span style=\"font-family: arial, helvetica, sans-serif;\"><strong>Die Freigabe der Bilder erfolgte von Herrn Manfred Greve, PingPongParkinson Deutschland eV, Barbarastra\u00dfe 15,48529 Nordhorn<\/strong><\/span><\/span><\/p>\n<p>&nbsp;<\/p>\n","protected":false},"excerpt":{"rendered":"<p>Wir brauchen DEINE Hilfe. Z. B. f\u00fcr den n\u00e4chsten PPP-St\u00fctzpunkt Wir vom Distrikt-5-Team der Old Tablers wollen neue PPP-St\u00fctzpunkte schaffen.&hellip;<\/p>\n","protected":false},"author":2,"featured_media":0,"parent":0,"menu_order":0,"comment_status":"closed","ping_status":"closed","template":"","meta":{"footnotes":""},"class_list":["post-1273","page","type-page","status-publish","hentry"],"_links":{"self":[{"href":"https:\/\/www.ot160.de\/home\/wp-json\/wp\/v2\/pages\/1273","targetHints":{"allow":["GET"]}}],"collection":[{"href":"https:\/\/www.ot160.de\/home\/wp-json\/wp\/v2\/pages"}],"about":[{"href":"https:\/\/www.ot160.de\/home\/wp-json\/wp\/v2\/types\/page"}],"author":[{"embeddable":true,"href":"https:\/\/www.ot160.de\/home\/wp-json\/wp\/v2\/users\/2"}],"replies":[{"embeddable":true,"href":"https:\/\/www.ot160.de\/home\/wp-json\/wp\/v2\/comments?post=1273"}],"version-history":[{"count":21,"href":"https:\/\/www.ot160.de\/home\/wp-json\/wp\/v2\/pages\/1273\/revisions"}],"predecessor-version":[{"id":1463,"href":"https:\/\/www.ot160.de\/home\/wp-json\/wp\/v2\/pages\/1273\/revisions\/1463"}],"wp:attachment":[{"href":"https:\/\/www.ot160.de\/home\/wp-json\/wp\/v2\/media?parent=1273"}],"curies":[{"name":"wp","href":"https:\/\/api.w.org\/{rel}","templated":true}]}}