{"id":1255,"date":"2026-04-20T16:10:03","date_gmt":"2026-04-20T14:10:03","guid":{"rendered":"https:\/\/www.ot160.de\/home\/?page_id=1255"},"modified":"2026-04-21T14:33:53","modified_gmt":"2026-04-21T12:33:53","slug":"ppp-historie","status":"publish","type":"page","link":"https:\/\/www.ot160.de\/home\/ppp-historie\/","title":{"rendered":"PPP-Historie und Ziele"},"content":{"rendered":"<p><span style=\"font-size: 18pt; color: #0000ff;\"><strong><span style=\"font-family: arial, helvetica, sans-serif;\">Wer ist<\/span> <\/strong><span style=\"font-family: arial, helvetica, sans-serif;\"><b>PingPongParkinson Deutschland e.V. und wie ist PPP<\/b><\/span><\/span><strong><span style=\"font-size: 18pt; color: #0000ff;\"><span style=\"font-family: arial, helvetica, sans-serif;\"> entstanden?<\/span><\/span><\/strong><\/p>\n<p><span style=\"font-family: arial, helvetica, sans-serif; font-size: 14pt;\">Bei der Spenden\u00fcbergabe an den Dachverein in Nordhorn berichtete der Vereinsvorsitzende Thorsten Boomhuis, dass er als Tischtennis-Weltmeister mit nur 37 Jahren an Parkinson erkrankt ist. Immer dann, wenn er PingPong gespielt hat, ging es ihm anschlie\u00dfend besser. Daraufhin entstand Kontakt zu anderen Parkinson-Patienten mit \u00e4hnlichen Erfahrungen. Auch diese Spieler hatten alle festgestellt, dass sie sich nach einem Tischtennisspiel besser f\u00fchlten.<\/span><\/p>\n<p><span style=\"font-family: arial, helvetica, sans-serif; font-size: 14pt;\">In New York entstand dann bei einer Weltmeisterschaft die Idee, in Deutschland eine Tischtennisgruppe f\u00fcr Menschen mit Parkinson-Erkrankung zu bilden. Daraus sind bis heute bundesweit \u00fcber 300 Vereine mit zwischenzeitlich \u00fcber 3.000 Mitgliedern entstanden.<\/span><span style=\"font-family: arial, helvetica, sans-serif;\"><span style=\"font-size: 18.6667px;\">\u00a0<\/span><\/span><span style=\"color: #0000ff;\"><strong><span style=\"font-family: arial, helvetica, sans-serif; font-size: 18pt;\">. <\/span><\/strong><\/span><\/p>\n<p><img loading=\"lazy\" decoding=\"async\" class=\"wp-image-1139 aligncenter\" src=\"https:\/\/www.ot160.de\/wp-content\/uploads\/2026\/03\/PingPongParkinson-2026-02-28_Bild8.jpg\" alt=\"Jochen Bock und Thorsten Boomhuis beim Spiel\" width=\"394\" height=\"400\" srcset=\"https:\/\/www.ot160.de\/wp-content\/uploads\/2026\/03\/PingPongParkinson-2026-02-28_Bild8.jpg 433w, https:\/\/www.ot160.de\/wp-content\/uploads\/2026\/03\/PingPongParkinson-2026-02-28_Bild8-295x300.jpg 295w\" sizes=\"auto, (max-width: 394px) 100vw, 394px\" \/><\/p>\n<p style=\"text-align: center;\"><span style=\"font-size: 10pt; font-family: arial, helvetica, sans-serif;\">Jochen Bock und Thorsten Boomhuis beim Spiel<\/span><\/p>\n<p><span style=\"font-family: arial, helvetica, sans-serif; font-size: 14pt;\">Gegr\u00fcndet in 2020 in Nordhorn, baute der Verein in wenigen Jahren ein <b>bundesweites Netzwerk von weit \u00fcber 100 St\u00fctzpunkten <\/b>auf und z\u00e4hlt heute bereits \u00fcber 3000 Mitglieder. Der Verein ist ein bundesweiter Zusammenschluss von kooperierenden Vereinen und Einzelpersonen<\/span><\/p>\n<p><span style=\"color: #0000ff;\"><strong><span style=\"font-family: arial, helvetica, sans-serif; font-size: 18pt;\">Zwischenzeitlich gibt es \u00fcber 10 Kooperationen-Kliniken<\/span><\/strong><\/span><\/p>\n<p><span style=\"font-family: arial, helvetica, sans-serif; font-size: 14pt;\">Seit Anfang des Jahres 2024 reifte die Idee, den Fachkliniken f\u00fcr Parkinson bundesweit das Prinzip \u201cPingPongParkinson\u201d und die positiven Einfl\u00fcsse, die Tischtennis auf die Symptome der Parkinson-Erkrankung hat, n\u00e4herzubringen. Aus dieser Grundidee heraus entstand der Begriff \u201cKooperationsklinik\u201d.<\/span><\/p>\n<p><span style=\"font-family: arial, helvetica, sans-serif; font-size: 14pt;\">Eine Kooperationsklinik bietet Tischtennis als Therapie bei Parkinson-Komplextherapien oder bei Rehabilitaionsma\u00dfnahmen rund um Parkinson an.<\/span><\/p>\n<p><span style=\"font-family: arial, helvetica, sans-serif; font-size: 14pt;\">PingPongParkinson Deutschland e.V. hat unter den nationalen Verb\u00e4nden aktuell einen sehr gro\u00dfen Zulauf. T\u00e4glich kommen durchschnittlich 3 neue Spieler hinzu.\u00a0<\/span><\/p>\n<p><img loading=\"lazy\" decoding=\"async\" class=\"wp-image-823 aligncenter\" style=\"font-family: arial, helvetica, sans-serif; font-size: 18.6667px;\" src=\"https:\/\/www.ot160.de\/wp-content\/uploads\/2025\/11\/PingPongParkinson_7.jpg\" alt=\"PingPongParkinson auch f\u00fcr Rollstuhlfahrer\" width=\"404\" height=\"374\" srcset=\"https:\/\/www.ot160.de\/wp-content\/uploads\/2025\/11\/PingPongParkinson_7.jpg 484w, https:\/\/www.ot160.de\/wp-content\/uploads\/2025\/11\/PingPongParkinson_7-300x278.jpg 300w\" sizes=\"auto, (max-width: 404px) 100vw, 404px\" \/><\/p>\n<p><span style=\"font-size: 18pt; color: #0000ff;\"><strong><span style=\"font-family: arial, helvetica, sans-serif;\">Was macht PPP sonst noch?<\/span><\/strong><\/span><\/p>\n<p><span style=\"font-family: arial, helvetica, sans-serif; font-size: 14pt;\">Der Mittelpunkt der T\u00e4tigkeit von PPP ist es, Betroffenen und den Angeh\u00f6rigen Informationen und den gegenseitigen Austausch anzubieten.<\/span><\/p>\n<p><span style=\"font-family: arial, helvetica, sans-serif; font-size: 14pt;\">Das Konzept von PingPongParkinson beruht darauf, dass Tischtennis f\u00fcr jedermann zug\u00e4nglich sein soll, der an Parkinson erkrankt ist. Niemand muss vorher Tischtennis gespielt haben und n<\/span><span style=\"font-family: arial, helvetica, sans-serif; font-size: 14pt;\">iemand muss eine besondere Eignung mitbringen. In den Vereinen wird Tischtennis vom Anf\u00e4nger bis zum Weltmeister angeboten.\u00a0<\/span><\/p>\n<p><span style=\"font-family: arial, helvetica, sans-serif; font-size: 14pt;\">Wichtig ist auch der soziale Kontakt mit ebenfalls erkrankten Menschen. Hier wird jedem Betroffenen das Gef\u00fchl vermittelt: &#8222;ich bin mit dieser Krankheit nicht allein&#8220;. Man redet mit einander und tauscht sich gemeinschaftlich aus.<\/span><\/p>\n<p><span style=\"font-family: arial, helvetica, sans-serif; color: #0000ff; font-size: 18pt;\"><strong>Weitere Aufgaben und Ziele von PPP:<\/strong><\/span><\/p>\n<p><span style=\"font-family: arial, helvetica, sans-serif; font-size: 14pt;\">PingPongParkinson arbeitet auch aktiv an Beratungsangeboten f\u00fcr Betroffene und Angeh\u00f6rige. <\/span><span style=\"font-family: arial, helvetica, sans-serif; font-size: 14pt;\">PPP m\u00f6chte die\u00a0positiven Eigenschaften des Tischtennis bei neurologischen Erkrankungen\u00a0und\u00a0auch bei Demenz-Erkrankten gerne ausbauen.\u00a0<\/span><\/p>\n<p>&nbsp;<\/p>\n<p><strong><span style=\"font-family: arial, helvetica, sans-serif; font-size: 18pt;\">F\u00fcr mehr Informationen diese Links anklicken:<\/span><\/strong><\/p>\n<ul>\n<li><span style=\"text-decoration: underline;\"><a href=\"https:\/\/www.ot160.de\/home\/parkinson\/\"><span style=\"font-family: 'arial black', sans-serif; font-size: 18pt; color: #0000ff;\"><strong>Parkinson &#8211; was ist das f\u00fcr eine Krankheit?<\/strong><\/span><\/a><\/span><\/li>\n<li style=\"text-align: left;\"><span style=\"text-decoration: underline;\"><span style=\"font-family: 'arial black', sans-serif; font-size: 18pt; color: #0000ff; text-decoration: underline;\"><a style=\"color: #0000ff; text-decoration: underline;\" href=\"https:\/\/www.ot160.de\/home\/ppp-an-die-platte\/\">PPP-Motto: Runter vom Sofa und ran an die Platte<\/a><\/span><\/span><\/li>\n<li><span style=\"text-decoration: underline;\"><span style=\"font-family: 'arial black', sans-serif; font-size: 18pt; color: #0000ff; text-decoration: underline;\"><a style=\"color: #0000ff; text-decoration: underline;\" href=\"https:\/\/www.ot160.de\/home\/stuetzpunkt-finden\/\">PPP-St\u00fctzpunkt finden und gr\u00fcnden<\/a><\/span><\/span><\/li>\n<li><span style=\"text-decoration: underline; color: #0000ff;\"><a style=\"color: #0000ff; text-decoration: underline;\" href=\"https:\/\/www.ot160.de\/home\/ppp-distrikt-5\/\"><span style=\"font-family: 'arial black', sans-serif; font-size: 18pt;\">PPP hat vom Distrikt 5 der Old Tablers \u00fcber 7.000 \u20ac an Spenden erhalten<\/span><\/a><\/span><\/li>\n<li><span style=\"color: #0000ff;\"><a style=\"color: #0000ff;\" href=\"https:\/\/www.ot160.de\/home\/ppp-spendengelder\/\"><span style=\"font-family: 'arial black', sans-serif; font-size: 18pt;\"><span style=\"text-decoration: underline;\">PPP &#8211; Warum ben\u00f6tigt PPP Spenden?<\/span><\/span><\/a><\/span><\/li>\n<li><span style=\"text-decoration: underline;\"><a href=\"https:\/\/www.ot160.de\/home\/pingpongparkinson-bank\/\"><span style=\"font-family: 'arial black', sans-serif; font-size: 18pt; color: #0000ff; text-decoration: underline;\">an PingPongParkinson Geld spenden<\/span><\/a><\/span><\/li>\n<li><a href=\"https:\/\/www.ot160.de\/home\/ppp-historie\/\"><span style=\"text-decoration: underline; font-family: 'arial black', sans-serif; font-size: 18pt;\"><span style=\"color: #0000ff; text-decoration: underline;\"><strong>Wer ist <\/strong><b>PingPongParkinson Deutschland e.V. und wie PPP<\/b><\/span><strong><span style=\"color: #0000ff; text-decoration: underline;\"> entstanden ist<\/span><\/strong><\/span><\/a><\/li>\n<li><span style=\"text-decoration: underline; color: #0000ff;\"><a style=\"color: #0000ff;\" href=\"https:\/\/www.ot160.de\/home\/pingpongparkinson\/\"><strong><span style=\"font-size: 18pt; font-family: arial, helvetica, sans-serif;\"><span style=\"font-family: 'arial black', sans-serif;\">zur\u00fcck zur Startseite\u00a0<\/span><\/span><\/strong><\/a><\/span><\/li>\n<li><span style=\"text-decoration: underline; color: #0000ff;\"><a style=\"color: #0000ff;\" href=\"https:\/\/www.pingpongparkinson.de\/\"><strong><span style=\"font-size: 18pt; font-family: 'arial black', sans-serif;\">zur PingPongParkinson Homepage<\/span><\/strong><\/a><\/span><\/li>\n<\/ul>\n<figure id=\"attachment_783\" aria-describedby=\"caption-attachment-783\" style=\"width: 260px\" class=\"wp-caption aligncenter\"><img loading=\"lazy\" decoding=\"async\" class=\" wp-image-783\" src=\"https:\/\/www.ot160.de\/wp-content\/uploads\/2025\/10\/PingPong-Homepage.jpg\" alt=\"PingPong-Homepage\" width=\"260\" height=\"263\" \/><figcaption id=\"caption-attachment-783\" class=\"wp-caption-text\"><span style=\"font-size: 10pt; font-family: arial, helvetica, sans-serif;\">Zur PingPongParkinson-Homepage<\/span><\/figcaption><\/figure>\n<p><span style=\"font-size: 14pt;\"><strong><span style=\"font-family: arial, helvetica, sans-serif;\">Das D5-Pr\u00e4sidium<span style=\"font-size: 12pt;\"> <strong style=\"text-align: center;\">2025 &#8211; 2027 <\/strong><\/span>bedankt sich f\u00fcr die Unterst\u00fctzung<\/span><\/strong><\/span><\/p>\n<ul>\n<li><span style=\"font-size: 14pt;\"><strong><span style=\"font-family: arial, helvetica, sans-serif;\">Christian Busch, Distrikt-Pr\u00e4sident<\/span><\/strong><\/span><\/li>\n<li><span style=\"font-size: 14pt;\"><strong><span style=\"font-family: arial, helvetica, sans-serif;\">Jochen Bock, Distrikt-Past-Pr\u00e4sident<\/span><\/strong><\/span><\/li>\n<li><span style=\"font-size: 14pt;\"><strong><span style=\"font-family: arial, helvetica, sans-serif;\">Arthur Podkocki, Distrikt-Vize-Pr\u00e4sident<\/span><\/strong><\/span><\/li>\n<\/ul>\n<p><span style=\"font-size: 12pt;\"><span style=\"font-family: arial, helvetica, sans-serif;\"><strong>Eine Initiative vom Distrikt 5, Old Tablers Deutschland, Christian Busch, Distrikt-5-Pr\u00e4sident, Enzianstra\u00dfe 12 A, 32423 Minden.\u00a0<\/strong><\/span><span style=\"font-family: arial, helvetica, sans-serif;\"><strong>Die Freigabe der Bilder erfolgte von Herrn Manfred Greve, PingPongParkinson Deutschland eV, Barbarastra\u00dfe 15,48529 Nordhorn<\/strong><\/span><\/span><\/p>\n<p>&nbsp;<\/p>\n<p>&nbsp;<\/p>\n<p style=\"text-align: center;\">\n","protected":false},"excerpt":{"rendered":"<p>Wer ist PingPongParkinson Deutschland e.V. und wie ist PPP entstanden? Bei der Spenden\u00fcbergabe an den Dachverein in Nordhorn berichtete der&hellip;<\/p>\n","protected":false},"author":2,"featured_media":0,"parent":0,"menu_order":0,"comment_status":"closed","ping_status":"closed","template":"","meta":{"footnotes":""},"class_list":["post-1255","page","type-page","status-publish","hentry"],"_links":{"self":[{"href":"https:\/\/www.ot160.de\/home\/wp-json\/wp\/v2\/pages\/1255","targetHints":{"allow":["GET"]}}],"collection":[{"href":"https:\/\/www.ot160.de\/home\/wp-json\/wp\/v2\/pages"}],"about":[{"href":"https:\/\/www.ot160.de\/home\/wp-json\/wp\/v2\/types\/page"}],"author":[{"embeddable":true,"href":"https:\/\/www.ot160.de\/home\/wp-json\/wp\/v2\/users\/2"}],"replies":[{"embeddable":true,"href":"https:\/\/www.ot160.de\/home\/wp-json\/wp\/v2\/comments?post=1255"}],"version-history":[{"count":13,"href":"https:\/\/www.ot160.de\/home\/wp-json\/wp\/v2\/pages\/1255\/revisions"}],"predecessor-version":[{"id":1333,"href":"https:\/\/www.ot160.de\/home\/wp-json\/wp\/v2\/pages\/1255\/revisions\/1333"}],"wp:attachment":[{"href":"https:\/\/www.ot160.de\/home\/wp-json\/wp\/v2\/media?parent=1255"}],"curies":[{"name":"wp","href":"https:\/\/api.w.org\/{rel}","templated":true}]}}