{"id":1250,"date":"2026-04-20T16:06:39","date_gmt":"2026-04-20T14:06:39","guid":{"rendered":"https:\/\/www.ot160.de\/home\/?page_id=1250"},"modified":"2026-04-21T17:14:47","modified_gmt":"2026-04-21T15:14:47","slug":"ppp-distrikt-5","status":"publish","type":"page","link":"https:\/\/www.ot160.de\/home\/ppp-distrikt-5\/","title":{"rendered":"PPP hat vom Distrikt 5 der Old Tablers \u00fcber 7.000 \u20ac an Spenden erhalten"},"content":{"rendered":"<div class=\"widget-summary-col\">\n<div class=\"summary-footer dont-break-out\">\n<p><span style=\"font-family: arial, helvetica, sans-serif; font-size: 18pt; color: #0000ff;\"><strong>Eine erste\u00a0kleine Spende des Distrikt 5 wurde nach der Distrikt-Versammlung im April 2025 an zwei Vereine im Raum Dortmund aufgeteilt:<\/strong><\/span><img loading=\"lazy\" decoding=\"async\" class=\" wp-image-757 aligncenter\" src=\"https:\/\/www.ot160.de\/wp-content\/uploads\/2025\/10\/Parkinson.png\" alt=\"Jochen Bock \u00fcberreicht die erste Spende\" width=\"1192\" height=\"458\" srcset=\"https:\/\/www.ot160.de\/wp-content\/uploads\/2025\/10\/Parkinson.png 1012w, https:\/\/www.ot160.de\/wp-content\/uploads\/2025\/10\/Parkinson-300x115.png 300w, https:\/\/www.ot160.de\/wp-content\/uploads\/2025\/10\/Parkinson-768x295.png 768w\" sizes=\"auto, (max-width: 1192px) 100vw, 1192px\" \/><\/p>\n<p><span style=\"font-family: arial, helvetica, sans-serif; font-size: 14pt;\">Weil wir bei der Spenden-\u00dcbergabe erfahren haben, wie wichtig das Tischtennis-Spiel f\u00fcr Menschen an Parkinson-Erkrankung ist, haben die Delegierten auf der Distrikt-Versammlung in M\u00fcnster daf\u00fcr pl\u00e4diert, als erster Distrikt in Deutschland mit PPP ein eigenes Distrikt-Projekt ins Leben zu rufen. Die Delegierten haben dieses Projekt an ihre Tische (Clubs) gebracht. \u00dcber die Distrikt-Grenzen hinaus wurde das Projekt durch einen gro\u00dfen Bericht in der Depesche, der bundesweiten Club-Zeitschrift, sowie durch zahlreiche pers\u00f6nliche Briefe innerhalb des Netzwerks bekannt.<\/span><\/p>\n<p style=\"text-align: left;\"><span style=\"color: #0000ff; font-size: 18pt;\"><strong><span style=\"font-family: arial, helvetica, sans-serif;\">Der Old Tablers Distrikt 5 unterst\u00fctzt das Projekt &#8222;PingPongParkinson&#8220;\u00a0<\/span><\/strong><\/span><\/p>\n<p><span style=\"font-family: arial, helvetica, sans-serif; font-size: 14pt;\">Old Table 160 und Round Table 160 Minden haben mit 1.500,00 EUR das Distrikt-Projekt (PPP) PingPongParkinson unterst\u00fctzt. Auch die Bielefelder Tische OT 42 und OT 317 haben sich beteiligt. Weitere Unterst\u00fctzung kam aus ganz Deutschland, von Schleswig, Celle, Coburg, Crailsheim und vielen anderen Tischen, sowie aus dem Distrikt 5 von Bielefeld, G\u00fctersloh, M\u00fcnster, Essen, usw. Auch einige Privat-Personen haben sich daran beteiligt und Geld \u00fcberwiesen. Vielen Dank daf\u00fcr.<\/span><\/p>\n<p><span style=\"font-family: arial, helvetica, sans-serif; font-size: 14pt;\">Mit seinem Team hat Distrikt-Pr\u00e4sident Christian Busch am 28.02.2026 einen Spenden-Scheck in H\u00f6he \u00fcber 4.731,11 \u20ac \u00fcbergeben. Aufgrund des Erfolgs wird das Projekt fortgesetzt. Nach der \u00dcbergabe wurden weitere Spenden in H\u00f6he von 1.320 \u20ac direkt an den PingPongParkinson e.V. \u00fcberwiesen.\u00a0<\/span><\/p>\n<p><span style=\"font-family: arial, helvetica, sans-serif; font-size: 14pt;\">Und es ging weiter: an den beiden Distrikt-Treffen des Distrikt 3 und Distrikt 4 wurden am 18.04.2026 zusammen nochmals knapp 1.000 \u20ac gespendet. Somit wurde jetzt die Gesamtsumme von 7.000 \u20ac \u00fcbersprungen.<\/span><\/p>\n<figure><span style=\"font-family: arial, helvetica, sans-serif;\"><img loading=\"lazy\" decoding=\"async\" class=\"aligncenter\" src=\"https:\/\/www.ot160.de\/wp-content\/uploads\/2026\/03\/PingPongParkinson-2026-02-28_Gruppenbild14.jpg\" alt=\"v.li. Arthur Podkocki, Christian Busch, Helmut Oink, Jochen Bock, Thorsten Boomhuis, Sabine Herrmann bei der Geld\u00fcbergabe \" width=\"460\" height=\"490\" data-image=\"mdxz1tut1ja3\" \/><\/span><\/figure>\n<p style=\"text-align: center;\"><span style=\"font-family: arial, helvetica, sans-serif;\">von links: Arthur Podkocki, Christian Busch, Helmut Oink, Jochen Bock, Thorsten Boomhuis, Sabine Herrmann bei der Geld\u00fcbergabe<\/span><\/p>\n<p><span style=\"font-family: arial, helvetica, sans-serif; font-size: 18pt; color: #0000ff;\"><b>Was wird von den Spenden-Geldern beschafft? <\/b><\/span><\/p>\n<p><span style=\"font-family: arial, helvetica, sans-serif; font-size: 14pt;\"><b>Ben\u00f6tigt werden z. B.:<\/b><\/span><\/p>\n<ul>\n<li><span style=\"font-size: 14pt; color: #0000ff;\"><strong><span style=\"font-family: arial, helvetica, sans-serif;\">Rollstuhlgerechte Spielplatten<\/span><\/strong><\/span><\/li>\n<li><span style=\"font-size: 14pt; color: #0000ff;\"><strong><span style=\"font-family: arial, helvetica, sans-serif;\">Balleinwurfmaschinen<\/span><\/strong><\/span><\/li>\n<li><span style=\"font-size: 14pt; color: #0000ff;\"><strong><span style=\"font-family: arial, helvetica, sans-serif;\">Ballaufsammler\u00a0<\/span><\/strong><\/span><\/li>\n<li><span style=\"font-size: 14pt; color: #0000ff;\"><strong><span style=\"font-family: arial, helvetica, sans-serif;\">und vieles mehr<\/span><\/strong><\/span><\/li>\n<\/ul>\n<p><span style=\"font-family: arial, helvetica, sans-serif; font-size: 14pt;\">Weil von den 12,00 \u20ac Jahresbeitrag pro Spieler nur wenige Investitionen get\u00e4tigt werden k\u00f6nnen, ben\u00f6tigt der PPP-Verein weiterhin Spenden.\u00a0<\/span><\/p>\n<p><span style=\"font-family: arial, helvetica, sans-serif; font-size: 14pt;\"><span style=\"color: #0000ff;\"><strong>Ob als Tisch, Verein, Privatperson oder als Firma: wer die Initiative gut findet, unterst\u00fctze die Aktion bitte mit einer Spende. <\/strong><strong>Ob 10, 100 oder 1000 \u20ac &#8211; <span style=\"color: #ff0000;\">jeder Betrag erreicht zu 100% den PingPongParkinson e.V.<\/span> Damit wird der Ausbau der Therapie unterst\u00fctzt. Vielen Dank!<\/strong><\/span><\/span><\/p>\n<\/div>\n<\/div>\n<p><span style=\"font-size: 14pt;\"><span style=\"font-family: arial, helvetica, sans-serif;\"><b>Nicht jeder Tisch, Club, Verein und nicht jede Firma oder Person hat (s)ein <\/b><b>eigenes Service-Projekt,\u00a0<\/b><b>aber viele m\u00f6chten spenden<\/b><b>! <span style=\"color: #0000ff;\"><strong>Ob als Tisch, Club, Verein, Privatperson oder als Firma: wer <\/strong><\/span><\/b><\/span><span style=\"font-family: arial, helvetica, sans-serif; color: #0000ff;\"><b>ein paar Euro f\u00fcr das PPP-Projekt \u00fcbrig hat, m\u00f6ge seine Spende<\/b><b> bitte direkt an den Verein \u00fcberweisen.<\/b><\/span><\/span><\/p>\n<p style=\"text-align: center;\"><span style=\"color: #0000ff;\"><strong><span style=\"font-family: arial, helvetica, sans-serif; font-size: 18pt;\">Bank\u00fcberweisung oder PayPal anklicken und <span style=\"color: #ff0000;\">direkt<\/span> an PingPongParkinson e.V. spenden:\u00a0<\/span><\/strong><\/span><\/p>\n<p style=\"text-align: center;\"><a href=\"https:\/\/www.ot160.de\/home\/pingpongparkinson-bank\/\"><img loading=\"lazy\" decoding=\"async\" class=\" wp-image-1121 aligncenter\" src=\"https:\/\/www.ot160.de\/wp-content\/uploads\/2026\/03\/Bankueberweisung2.jpg\" alt=\"Bank\u00fcberweisung\" width=\"353\" height=\"85\" srcset=\"https:\/\/www.ot160.de\/wp-content\/uploads\/2026\/03\/Bankueberweisung2.jpg 689w, https:\/\/www.ot160.de\/wp-content\/uploads\/2026\/03\/Bankueberweisung2-300x72.jpg 300w\" sizes=\"auto, (max-width: 353px) 100vw, 353px\" \/><\/a><strong><span style=\"font-family: arial, helvetica, sans-serif; font-size: 18pt; color: #0000ff;\">oder<\/span><\/strong><img loading=\"lazy\" decoding=\"async\" class=\"size-full wp-image-1064 aligncenter\" src=\"https:\/\/www.ot160.de\/wp-content\/uploads\/2026\/01\/Paypal.jpg\" alt=\"\" width=\"362\" height=\"156\" srcset=\"https:\/\/www.ot160.de\/wp-content\/uploads\/2026\/01\/Paypal.jpg 362w, https:\/\/www.ot160.de\/wp-content\/uploads\/2026\/01\/Paypal-300x129.jpg 300w\" sizes=\"auto, (max-width: 362px) 100vw, 362px\" \/><\/p>\n<p style=\"text-align: center;\"><span style=\"font-family: arial, helvetica, sans-serif; font-size: 14pt;\"><span style=\"color: #0000ff;\"> <span style=\"color: #000000; font-size: 12pt;\">(Spenden-Quittungen werden ab 300,00 \u20ac nur bei vollst\u00e4ndiger Adressen-Angabe ausgestellt und zugesandt:)<\/span><\/span><\/span><img decoding=\"async\" class=\"aligncenter\" style=\"font-family: 'Droid Serif', serif, serif; font-size: 16px;\" src=\"https:\/\/roundtable-prd.s3.eu-central-1.amazonaws.com\/5760\/documents\/17124\/623f8d2f-5ba4-4f74-a842-f164b5ceb2d5\/image.png\" data-image=\"inznyyr33tw7\" \/><\/p>\n<p>&nbsp;<\/p>\n<p><strong><span style=\"font-family: arial, helvetica, sans-serif; font-size: 18pt;\">F\u00fcr mehr Informationen diese Links anklicken:<\/span><\/strong><\/p>\n<ul>\n<li><span style=\"text-decoration: underline;\"><a href=\"https:\/\/www.ot160.de\/home\/parkinson\/\"><span style=\"font-family: 'arial black', sans-serif; font-size: 18pt; color: #0000ff;\"><strong>Parkinson &#8211; was ist das f\u00fcr eine Krankheit?<\/strong><\/span><\/a><\/span><\/li>\n<li style=\"text-align: left;\"><span style=\"text-decoration: underline;\"><span style=\"font-family: 'arial black', sans-serif; font-size: 18pt; color: #0000ff; text-decoration: underline;\"><a style=\"color: #0000ff; text-decoration: underline;\" href=\"https:\/\/www.ot160.de\/home\/ppp-an-die-platte\/\">PPP-Motto: Runter vom Sofa und ran an die Platte<\/a><\/span><\/span><\/li>\n<li><span style=\"text-decoration: underline;\"><a href=\"https:\/\/www.ot160.de\/home\/ppp-geld-ist-nicht-alles\/\"><span style=\"font-family: 'arial black', sans-serif; font-size: 18pt; color: #0000ff;\"><strong>PPP &#8211; Geld ist nicht alles<\/strong><\/span><\/a><\/span><\/li>\n<li><span style=\"text-decoration: underline;\"><span style=\"font-family: 'arial black', sans-serif; font-size: 18pt; color: #0000ff; text-decoration: underline;\"><a style=\"color: #0000ff; text-decoration: underline;\" href=\"https:\/\/www.ot160.de\/home\/stuetzpunkt-finden\/\">PPP-St\u00fctzpunkt finden und gr\u00fcnden<\/a><\/span><\/span><\/li>\n<li><span style=\"text-decoration: underline; color: #0000ff;\"><a style=\"color: #0000ff; text-decoration: underline;\" href=\"https:\/\/www.ot160.de\/home\/ppp-distrikt-5\/\"><span style=\"font-family: 'arial black', sans-serif; font-size: 18pt;\">PPP hat vom Distrikt 5 der Old Tablers \u00fcber 7.000 \u20ac an Spenden erhalten<\/span><\/a><\/span><\/li>\n<li><span style=\"color: #0000ff;\"><a style=\"color: #0000ff;\" href=\"https:\/\/www.ot160.de\/home\/ppp-spendengelder\/\"><span style=\"font-family: 'arial black', sans-serif; font-size: 18pt;\"><span style=\"text-decoration: underline;\">PPP &#8211; Warum ben\u00f6tigt PPP Spenden?<\/span><\/span><\/a><\/span><\/li>\n<li><span style=\"text-decoration: underline;\"><a href=\"https:\/\/www.ot160.de\/home\/pingpongparkinson-bank\/\"><span style=\"font-family: 'arial black', sans-serif; font-size: 18pt; color: #0000ff; text-decoration: underline;\">an PingPongParkinson Geld spenden<\/span><\/a><\/span><\/li>\n<li><a href=\"https:\/\/www.ot160.de\/home\/ppp-historie\/\"><span style=\"text-decoration: underline; font-family: 'arial black', sans-serif; font-size: 18pt;\"><span style=\"color: #0000ff; text-decoration: underline;\"><strong>Wer ist <\/strong><b>PingPongParkinson Deutschland e.V. und wie PPP<\/b><\/span><strong><span style=\"color: #0000ff; text-decoration: underline;\"> entstanden ist<\/span><\/strong><\/span><\/a><\/li>\n<li><span style=\"text-decoration: underline; color: #0000ff;\"><a style=\"color: #0000ff;\" href=\"https:\/\/www.ot160.de\/home\/pingpongparkinson\/\"><strong><span style=\"font-size: 18pt; font-family: arial, helvetica, sans-serif;\"><span style=\"font-family: 'arial black', sans-serif;\">zur\u00fcck zur Startseite\u00a0<\/span><\/span><\/strong><\/a><\/span><\/li>\n<li><span style=\"text-decoration: underline; color: #0000ff;\"><a style=\"color: #0000ff;\" href=\"https:\/\/www.pingpongparkinson.de\/\"><strong><span style=\"font-size: 18pt; font-family: 'arial black', sans-serif;\">zur PingPongParkinson Homepage<\/span><\/strong><\/a><\/span><\/li>\n<\/ul>\n<p>&nbsp;<\/p>\n<p><span style=\"font-size: 14pt;\"><strong><span style=\"font-family: arial, helvetica, sans-serif;\">Das D5-Pr\u00e4sidium<span style=\"font-size: 12pt;\"> <strong style=\"text-align: center;\">2025 &#8211; 2027 <\/strong><\/span>bedankt sich f\u00fcr die Unterst\u00fctzung<\/span><\/strong><\/span><\/p>\n<ul>\n<li><span style=\"font-size: 14pt;\"><strong><span style=\"font-family: arial, helvetica, sans-serif;\">Christian Busch, Distrikt-Pr\u00e4sident<\/span><\/strong><\/span><\/li>\n<li><span style=\"font-size: 14pt;\"><strong><span style=\"font-family: arial, helvetica, sans-serif;\">Jochen Bock, Distrikt-Past-Pr\u00e4sident<\/span><\/strong><\/span><\/li>\n<li><span style=\"font-size: 14pt;\"><strong><span style=\"font-family: arial, helvetica, sans-serif;\">Arthur Podkocki, Distrikt-Vize-Pr\u00e4sident<\/span><\/strong><\/span><\/li>\n<\/ul>\n<p>&nbsp;<\/p>\n<p><span style=\"font-size: 12pt;\"><span style=\"font-family: arial, helvetica, sans-serif;\"><strong>Eine Initiative vom Distrikt 5, Old Tablers Deutschland, Christian Busch, Distrikt-5-Pr\u00e4sident, Enzianstra\u00dfe 12 A, 32423 Minden.\u00a0<\/strong><\/span><span style=\"font-family: arial, helvetica, sans-serif;\"><strong>Die Freigabe der Bilder erfolgte von Herrn Manfred Greve, PingPongParkinson Deutschland eV, Barbarastra\u00dfe 15,48529 Nordhorn<\/strong><\/span><\/span><\/p>\n","protected":false},"excerpt":{"rendered":"<p>Eine erste\u00a0kleine Spende des Distrikt 5 wurde nach der Distrikt-Versammlung im April 2025 an zwei Vereine im Raum Dortmund aufgeteilt:&hellip;<\/p>\n","protected":false},"author":2,"featured_media":0,"parent":0,"menu_order":0,"comment_status":"closed","ping_status":"closed","template":"","meta":{"footnotes":""},"class_list":["post-1250","page","type-page","status-publish","hentry"],"_links":{"self":[{"href":"https:\/\/www.ot160.de\/home\/wp-json\/wp\/v2\/pages\/1250","targetHints":{"allow":["GET"]}}],"collection":[{"href":"https:\/\/www.ot160.de\/home\/wp-json\/wp\/v2\/pages"}],"about":[{"href":"https:\/\/www.ot160.de\/home\/wp-json\/wp\/v2\/types\/page"}],"author":[{"embeddable":true,"href":"https:\/\/www.ot160.de\/home\/wp-json\/wp\/v2\/users\/2"}],"replies":[{"embeddable":true,"href":"https:\/\/www.ot160.de\/home\/wp-json\/wp\/v2\/comments?post=1250"}],"version-history":[{"count":19,"href":"https:\/\/www.ot160.de\/home\/wp-json\/wp\/v2\/pages\/1250\/revisions"}],"predecessor-version":[{"id":1373,"href":"https:\/\/www.ot160.de\/home\/wp-json\/wp\/v2\/pages\/1250\/revisions\/1373"}],"wp:attachment":[{"href":"https:\/\/www.ot160.de\/home\/wp-json\/wp\/v2\/media?parent=1250"}],"curies":[{"name":"wp","href":"https:\/\/api.w.org\/{rel}","templated":true}]}}