{"id":1244,"date":"2026-04-20T15:59:07","date_gmt":"2026-04-20T13:59:07","guid":{"rendered":"https:\/\/www.ot160.de\/home\/?page_id=1244"},"modified":"2026-04-21T16:50:49","modified_gmt":"2026-04-21T14:50:49","slug":"stuetzpunkt-finden","status":"publish","type":"page","link":"https:\/\/www.ot160.de\/home\/stuetzpunkt-finden\/","title":{"rendered":"PPP &#8211; St\u00fctzpunkt finden und gr\u00fcnden"},"content":{"rendered":"<p style=\"text-align: center;\"><span style=\"font-family: arial, helvetica, sans-serif; font-size: 18pt; color: #0000ff;\"><strong>In Deiner Nachbarschaft gibt es noch keinen Tischtennis-St\u00fctzpunkt f\u00fcr an Parkinson erkrankte Menschen?<\/strong><\/span><\/p>\n<p><img loading=\"lazy\" decoding=\"async\" class=\"size-full wp-image-1225 aligncenter\" src=\"https:\/\/www.ot160.de\/wp-content\/uploads\/2026\/04\/PPP-Stutzpunkte.jpg\" alt=\"Tischtennis-St\u00fctzpunkt f\u00fcr an Parkinson erkrankte Menschen\" width=\"475\" height=\"456\" srcset=\"https:\/\/www.ot160.de\/wp-content\/uploads\/2026\/04\/PPP-Stutzpunkte.jpg 475w, https:\/\/www.ot160.de\/wp-content\/uploads\/2026\/04\/PPP-Stutzpunkte-300x288.jpg 300w\" sizes=\"auto, (max-width: 475px) 100vw, 475px\" \/><\/p>\n<p><a href=\"https:\/\/www.pingpongparkinson.de\/stuetzpunkte\/pingpongparkinson-deutschland\"><img loading=\"lazy\" decoding=\"async\" class=\"size-full wp-image-1353 aligncenter\" src=\"https:\/\/www.ot160.de\/wp-content\/uploads\/2026\/04\/Stuetzpunkt-finden.jpg\" alt=\"Hier St\u00fctzpunkt finden\" width=\"1185\" height=\"207\" srcset=\"https:\/\/www.ot160.de\/wp-content\/uploads\/2026\/04\/Stuetzpunkt-finden.jpg 1185w, https:\/\/www.ot160.de\/wp-content\/uploads\/2026\/04\/Stuetzpunkt-finden-300x52.jpg 300w, https:\/\/www.ot160.de\/wp-content\/uploads\/2026\/04\/Stuetzpunkt-finden-1024x179.jpg 1024w, https:\/\/www.ot160.de\/wp-content\/uploads\/2026\/04\/Stuetzpunkt-finden-768x134.jpg 768w\" sizes=\"auto, (max-width: 1185px) 100vw, 1185px\" \/><\/a><\/p>\n<p style=\"text-align: center;\"><a href=\"https:\/\/www.pingpongparkinson.de\/stuetzpunkte\/pingpongparkinson-deutschland\"><strong><span style=\"text-decoration: underline;\"><span style=\"font-family: arial, helvetica, sans-serif; font-size: 18pt;\">klick hier<\/span><\/span><\/strong><\/a><\/p>\n<p><img loading=\"lazy\" decoding=\"async\" class=\"wp-image-819 aligncenter\" style=\"font-family: arial, helvetica, sans-serif; font-size: 18.6667px;\" src=\"https:\/\/www.ot160.de\/wp-content\/uploads\/2025\/11\/PingPongParkinson_3.jpg\" alt=\"PingPong f\u00fcr Parkinson-Erkrankte\" width=\"454\" height=\"381\" srcset=\"https:\/\/www.ot160.de\/wp-content\/uploads\/2025\/11\/PingPongParkinson_3.jpg 619w, https:\/\/www.ot160.de\/wp-content\/uploads\/2025\/11\/PingPongParkinson_3-300x252.jpg 300w\" sizes=\"auto, (max-width: 454px) 100vw, 454px\" \/><\/p>\n<p style=\"text-align: center;\"><span style=\"font-family: arial, helvetica, sans-serif; font-size: 14pt; color: #0000ff;\"><strong>Jeder kann sofort mitmachen<\/strong><\/span><\/p>\n<p style=\"text-align: center;\"><a href=\"https:\/\/www.ot160.de\/wp-content\/uploads\/2026\/04\/PPP_Schulungsvideos_Folge-1.mp4\"><img loading=\"lazy\" decoding=\"async\" class=\"size-full wp-image-1202 aligncenter\" src=\"https:\/\/www.ot160.de\/wp-content\/uploads\/2026\/04\/PPP-Stuetzpunkt.jpg\" alt=\"So er\u00f6ffnest Du einen PingPongParkinson-St\u00fctzpunkt\" width=\"480\" height=\"457\" srcset=\"https:\/\/www.ot160.de\/wp-content\/uploads\/2026\/04\/PPP-Stuetzpunkt.jpg 480w, https:\/\/www.ot160.de\/wp-content\/uploads\/2026\/04\/PPP-Stuetzpunkt-300x286.jpg 300w\" sizes=\"auto, (max-width: 480px) 100vw, 480px\" \/><\/a><span style=\"text-decoration: underline;\"><span style=\"color: #0000ff;\"><a style=\"color: #0000ff;\" href=\"https:\/\/www.ot160.de\/wp-content\/uploads\/2026\/04\/PPP_Schulungsvideos_Folge-1.mp4\"><span style=\"font-family: arial, helvetica, sans-serif; font-size: 12pt;\">Zum Video-Start klick hier oder auf das Logo<\/span><\/a><\/span><\/span><\/p>\n<p style=\"text-align: center;\"><a href=\"https:\/\/www.ot160.de\/wp-content\/uploads\/2026\/04\/PPP_Schulungsvideos_Folge_2.mp4\"><img loading=\"lazy\" decoding=\"async\" class=\" wp-image-1209 aligncenter\" src=\"https:\/\/www.ot160.de\/wp-content\/uploads\/2026\/04\/PPP-Stuetzpunkt2.jpg\" alt=\"2. Teil: Was machst Du in einem PPP-St\u00fctzpunkt\" width=\"473\" height=\"448\" srcset=\"https:\/\/www.ot160.de\/wp-content\/uploads\/2026\/04\/PPP-Stuetzpunkt2.jpg 635w, https:\/\/www.ot160.de\/wp-content\/uploads\/2026\/04\/PPP-Stuetzpunkt2-300x284.jpg 300w\" sizes=\"auto, (max-width: 473px) 100vw, 473px\" \/><span style=\"text-decoration: underline;\"><span style=\"font-family: arial, helvetica, sans-serif; font-size: 12pt;\">Klick hier oder auf das Logo<\/span><\/span><\/a><\/p>\n<p><strong style=\"color: #0000ff; font-family: arial, helvetica, sans-serif;\">Hier ist ein Weg, damit Angeh\u00f6rige die Lebensqualit\u00e4t von Erkrankten verbessern k\u00f6nnen.<\/strong><\/p>\n<div class=\"widget-summary-col\">\n<div class=\"summary-footer dont-break-out\">\n<p><span style=\"font-family: arial, helvetica, sans-serif; font-size: 14pt;\">Parkinson ist eine Krankheit, f\u00fcr die es trotz intensiver Forschung noch keine Heilung gibt. Viele an Parkinson erkrankte Menschen ziehen sich aus dem Leben zur\u00fcck und vereinsamen h\u00e4ufig.<\/span><\/p>\n<p style=\"text-align: center;\"><b style=\"font-family: arial, helvetica, sans-serif; font-size: 18.6667px;\"><img loading=\"lazy\" decoding=\"async\" class=\"wp-image-817 aligncenter\" src=\"https:\/\/www.ot160.de\/wp-content\/uploads\/2025\/11\/PingPongParkinson_1.jpg\" alt=\"PingPongParkinson auch f\u00fcr schwerst Erkrankte\" width=\"331\" height=\"431\" srcset=\"https:\/\/www.ot160.de\/wp-content\/uploads\/2025\/11\/PingPongParkinson_1.jpg 542w, https:\/\/www.ot160.de\/wp-content\/uploads\/2025\/11\/PingPongParkinson_1-231x300.jpg 231w\" sizes=\"auto, (max-width: 331px) 100vw, 331px\" \/><span style=\"color: #0000ff;\">Es ist nie zu sp\u00e4t, etwas Neues zu beginnen<\/span><\/b><\/p>\n<p><strong style=\"color: #0000ff;\"><span style=\"font-family: arial, helvetica, sans-serif; font-size: 18pt;\">Wer noch nie Tischtennis gespielt hat, kann sofort mitmachen und mitspielen.<\/span><\/strong><\/p>\n<\/div>\n<\/div>\n<p><span style=\"font-family: arial, helvetica, sans-serif; font-size: 14pt;\">T\u00e4glich kommen bundesweit drei Mitspieler hinzu. Die meisten sind Neulinge, die noch nie einen Tischtennisschl\u00e4ger in der Hand hatten. Das macht auch nichts, weil das Erlernen ganz schnell geht. Irgendwann trifft jeder seinen ersten Ball.<\/span><\/p>\n<p><span style=\"font-family: arial, helvetica, sans-serif; font-size: 14pt;\">Die Gesch\u00e4ftsf\u00fchrerin des PingPongParkinson e.V., Sabine Herrmann, erg\u00e4nzte die Ausf\u00fchrung, dass viele Spieler sehr skeptisch kommen, weil sie noch nie Tischtennis gespielt haben, und sofort nach dem Spiel merken, dass sie sich besser f\u00fchlen. Zufall? Also probieren sie es noch einmal aus und noch einmal \u2013 und immer und immer wieder f\u00fchlen sie sich nach jedem Spiel deutlich besser. 98% bleiben und machen weiter.<\/span><\/p>\n<p><img loading=\"lazy\" decoding=\"async\" class=\"wp-image-1139 aligncenter\" src=\"https:\/\/www.ot160.de\/wp-content\/uploads\/2026\/03\/PingPongParkinson-2026-02-28_Bild8.jpg\" alt=\"Jochen Bock und Thorsten Boomhuis beim Spiel\" width=\"394\" height=\"400\" srcset=\"https:\/\/www.ot160.de\/wp-content\/uploads\/2026\/03\/PingPongParkinson-2026-02-28_Bild8.jpg 433w, https:\/\/www.ot160.de\/wp-content\/uploads\/2026\/03\/PingPongParkinson-2026-02-28_Bild8-295x300.jpg 295w\" sizes=\"auto, (max-width: 394px) 100vw, 394px\" \/><\/p>\n<p style=\"text-align: center;\"><span style=\"font-size: 10pt; font-family: arial, helvetica, sans-serif;\">Jochen Bock und Thorsten Boomhuis beim Spiel<\/span><\/p>\n<p><span style=\"font-family: arial, helvetica, sans-serif; font-size: 14pt;\">Helmut Oink, ebenfalls im Vorstand und zust\u00e4ndig f\u00fcr Spenden und \u00d6ffentlichkeitsarbeit, findet als positiven Nebeneffekt wichtig, dass die Patienten mit anderen Patienten ins Gespr\u00e4ch kommen und dass man sich \u00fcber den Alltag mit allen negativen und positiven Erlebnissen austauschen kann.<\/span><\/p>\n<p><span style=\"font-family: arial, helvetica, sans-serif; font-size: 14pt;\">Weil so viele Menschen mit Parkinson-Erkrankungen die positiven Eigenschaften machen, haben derweil \u00fcber zehn Fachkliniken Kooperationsvertr\u00e4ge mit dem PingPongParkinson-e.V. geschlossen. Die Forschung zu dieser Therapie schlie\u00dft auch Demenz und neurologische Erkrankungen mit ein.<\/span><\/p>\n<p><span style=\"font-family: arial, helvetica, sans-serif; font-size: 14pt;\">Unterst\u00fctzer finden alle Infos zu IBAN-Nummern sowie zu den Spenden-Quittungen auf der Internet-Seite<strong><span style=\"color: #0000ff;\"> <a style=\"color: #0000ff;\" href=\"https:\/\/www.ot160.de\/home\/spenden-konto\/\">https:\/\/www.ot160.de\/home\/spenden-konto\/<\/a><\/span><\/strong><\/span><span style=\"font-family: arial, helvetica, sans-serif; font-size: 14pt;\">\u00a0 \u00a0<\/span><\/p>\n<p>&nbsp;<\/p>\n<p>&nbsp;<\/p>\n<p><strong><span style=\"font-family: arial, helvetica, sans-serif; font-size: 18pt;\">F\u00fcr mehr Informationen diese Links anklicken:<\/span><\/strong><\/p>\n<ul>\n<li><span style=\"text-decoration: underline;\"><a href=\"https:\/\/www.ot160.de\/home\/parkinson\/\"><span style=\"font-family: 'arial black', sans-serif; font-size: 18pt; color: #0000ff;\"><strong>Parkinson &#8211; was ist das f\u00fcr eine Krankheit?<\/strong><\/span><\/a><\/span><\/li>\n<li style=\"text-align: left;\"><span style=\"text-decoration: underline;\"><span style=\"font-family: 'arial black', sans-serif; font-size: 18pt; color: #0000ff; text-decoration: underline;\"><a style=\"color: #0000ff; text-decoration: underline;\" href=\"https:\/\/www.ot160.de\/home\/ppp-an-die-platte\/\">PPP-Motto: Runter vom Sofa und ran an die Platte<\/a><\/span><\/span><\/li>\n<li><span style=\"text-decoration: underline;\"><a href=\"https:\/\/www.ot160.de\/home\/ppp-geld-ist-nicht-alles\/\"><span style=\"font-family: 'arial black', sans-serif; font-size: 18pt; color: #0000ff;\"><strong>PPP &#8211; Geld ist nicht alles<\/strong><\/span><\/a><\/span><\/li>\n<li><span style=\"text-decoration: underline;\"><span style=\"font-family: 'arial black', sans-serif; font-size: 18pt; color: #0000ff; text-decoration: underline;\"><a style=\"color: #0000ff; text-decoration: underline;\" href=\"https:\/\/www.ot160.de\/home\/stuetzpunkt-finden\/\">PPP-St\u00fctzpunkt finden und gr\u00fcnden<\/a><\/span><\/span><\/li>\n<li><span style=\"text-decoration: underline; color: #0000ff;\"><a style=\"color: #0000ff; text-decoration: underline;\" href=\"https:\/\/www.ot160.de\/home\/ppp-distrikt-5\/\"><span style=\"font-family: 'arial black', sans-serif; font-size: 18pt;\">PPP hat vom Distrikt 5 der Old Tablers \u00fcber 7.000 \u20ac an Spenden erhalten<\/span><\/a><\/span><\/li>\n<li><span style=\"color: #0000ff;\"><a style=\"color: #0000ff;\" href=\"https:\/\/www.ot160.de\/home\/ppp-spendengelder\/\"><span style=\"font-family: 'arial black', sans-serif; font-size: 18pt;\"><span style=\"text-decoration: underline;\">PPP &#8211; Warum ben\u00f6tigt PPP Spenden?<\/span><\/span><\/a><\/span><\/li>\n<li><span style=\"text-decoration: underline;\"><a href=\"https:\/\/www.ot160.de\/home\/pingpongparkinson-bank\/\"><span style=\"font-family: 'arial black', sans-serif; font-size: 18pt; color: #0000ff; text-decoration: underline;\">an PingPongParkinson Geld spenden<\/span><\/a><\/span><\/li>\n<li><a href=\"https:\/\/www.ot160.de\/home\/ppp-historie\/\"><span style=\"text-decoration: underline; font-family: 'arial black', sans-serif; font-size: 18pt;\"><span style=\"color: #0000ff; text-decoration: underline;\"><strong>Wer ist <\/strong><b>PingPongParkinson Deutschland e.V. und wie PPP<\/b><\/span><strong><span style=\"color: #0000ff; text-decoration: underline;\"> entstanden ist<\/span><\/strong><\/span><\/a><\/li>\n<li><span style=\"text-decoration: underline; color: #0000ff;\"><a style=\"color: #0000ff;\" href=\"https:\/\/www.ot160.de\/home\/pingpongparkinson\/\"><strong><span style=\"font-size: 18pt; font-family: arial, helvetica, sans-serif;\"><span style=\"font-family: 'arial black', sans-serif;\">zur\u00fcck zur Startseite\u00a0<\/span><\/span><\/strong><\/a><\/span><\/li>\n<li><span style=\"text-decoration: underline; color: #0000ff;\"><a style=\"color: #0000ff;\" href=\"https:\/\/www.pingpongparkinson.de\/\"><strong><span style=\"font-size: 18pt; font-family: 'arial black', sans-serif;\">zur PingPongParkinson Homepage<\/span><\/strong><\/a><\/span><\/li>\n<\/ul>\n<p>&nbsp;<\/p>\n<p><span style=\"font-size: 14pt;\"><strong><span style=\"font-family: arial, helvetica, sans-serif;\">Das D5-Pr\u00e4sidium<span style=\"font-size: 12pt;\"> <strong style=\"text-align: center;\">2025 &#8211; 2027 <\/strong><\/span>bedankt sich f\u00fcr die Unterst\u00fctzung<\/span><\/strong><\/span><\/p>\n<ul>\n<li><span style=\"font-size: 14pt;\"><strong><span style=\"font-family: arial, helvetica, sans-serif;\">Christian Busch, Distrikt-Pr\u00e4sident<\/span><\/strong><\/span><\/li>\n<li><span style=\"font-size: 14pt;\"><strong><span style=\"font-family: arial, helvetica, sans-serif;\">Jochen Bock, Distrikt-Past-Pr\u00e4sident<\/span><\/strong><\/span><\/li>\n<li><span style=\"font-size: 14pt;\"><strong><span style=\"font-family: arial, helvetica, sans-serif;\">Arthur Podkocki, Distrikt-Vize-Pr\u00e4sident<\/span><\/strong><\/span><\/li>\n<\/ul>\n<p>&nbsp;<\/p>\n<p><span style=\"font-size: 12pt;\"><span style=\"font-family: arial, helvetica, sans-serif;\"><strong>Eine Initiative vom Distrikt 5, Old Tablers Deutschland, Christian Busch, Distrikt-5-Pr\u00e4sident, Enzianstra\u00dfe 12 A, 32423 Minden.\u00a0<\/strong><\/span><span style=\"font-family: arial, helvetica, sans-serif;\"><strong>Die Freigabe der Bilder erfolgte von Herrn Manfred Greve, PingPongParkinson Deutschland eV, Barbarastra\u00dfe 15,48529 Nordhorn<\/strong><\/span><\/span><\/p>\n<p style=\"text-align: right;\"><span style=\"font-family: arial, helvetica, sans-serif; font-size: 8pt;\"><strong>Stand 10.11.2025<\/strong><\/span><\/p>\n<p>&nbsp;<\/p>\n<p>&nbsp;<\/p>\n<p>&nbsp;<\/p>\n<p>&nbsp;<\/p>\n<p>&nbsp;<\/p>\n<p>&nbsp;<\/p>\n<p>&nbsp;<\/p>\n<p>&nbsp;<\/p>\n<p>&nbsp;<\/p>\n<p>&nbsp;<\/p>\n<p style=\"color: white; line-height: 0px;\"><script type=\"text\/javascript\" language=\"JavaScript\" src=\"https:\/\/www.besucherzaehler-html.de\/counter_js.php?account=5550177&#038;style=29\"><\/script><\/p>\n","protected":false},"excerpt":{"rendered":"<p>In Deiner Nachbarschaft gibt es noch keinen Tischtennis-St\u00fctzpunkt f\u00fcr an Parkinson erkrankte Menschen? klick hier Jeder kann sofort mitmachen Zum&hellip;<\/p>\n","protected":false},"author":2,"featured_media":0,"parent":0,"menu_order":0,"comment_status":"closed","ping_status":"closed","template":"","meta":{"footnotes":""},"class_list":["post-1244","page","type-page","status-publish","hentry"],"_links":{"self":[{"href":"https:\/\/www.ot160.de\/home\/wp-json\/wp\/v2\/pages\/1244","targetHints":{"allow":["GET"]}}],"collection":[{"href":"https:\/\/www.ot160.de\/home\/wp-json\/wp\/v2\/pages"}],"about":[{"href":"https:\/\/www.ot160.de\/home\/wp-json\/wp\/v2\/types\/page"}],"author":[{"embeddable":true,"href":"https:\/\/www.ot160.de\/home\/wp-json\/wp\/v2\/users\/2"}],"replies":[{"embeddable":true,"href":"https:\/\/www.ot160.de\/home\/wp-json\/wp\/v2\/comments?post=1244"}],"version-history":[{"count":12,"href":"https:\/\/www.ot160.de\/home\/wp-json\/wp\/v2\/pages\/1244\/revisions"}],"predecessor-version":[{"id":1365,"href":"https:\/\/www.ot160.de\/home\/wp-json\/wp\/v2\/pages\/1244\/revisions\/1365"}],"wp:attachment":[{"href":"https:\/\/www.ot160.de\/home\/wp-json\/wp\/v2\/media?parent=1244"}],"curies":[{"name":"wp","href":"https:\/\/api.w.org\/{rel}","templated":true}]}}